{"id":16373,"date":"2023-05-19T15:06:36","date_gmt":"2023-05-19T13:06:36","guid":{"rendered":"https:\/\/www.zanasigroup.com\/?page_id=16373"},"modified":"2025-02-04T17:03:23","modified_gmt":"2025-02-04T16:03:23","slug":"informativa-per-richiesta-preventivo","status":"publish","type":"page","link":"https:\/\/www.zanasigroup.com\/it\/informazioni-legali\/informativa-per-richiesta-preventivo\/","title":{"rendered":"Informativa per richiesta di preventivo"},"content":{"rendered":"<p>Ai sensi dell\u2019art. 13 del Regolamento (UE) 2016\/679 Zanasi Group S.r.l., con sede legale in Via Farina, 31 &#8211;\u00a0 41053 Maranello (MO), P.IVA 02732390360, pec <a href=\"mailto:zanasi@cert.cna.it\">zanasi@cert.cna.it<\/a>, in qualit\u00e0 di Titolare del trattamento, informa gli utenti del trattamento dei dati personali derivante dalla compilazione del form contatti per la richiesta di un preventivo.<\/p>\n<h3>Titolare del trattamento e DPO<\/h3>\n<p>Il titolare del trattamento \u00e8 Zanasi Group S.r.l., con sede legale in Via Farina, 31 &#8211;\u00a0 41053 Maranello (MO), P.IVA 02732390360, pec <a href=\"mailto:zanasi@cert.cna.it\">zanasi@cert.cna.it<\/a>. Il titolare del trattamento ha nominato un Data Protection Officer \u2013 DPO \u2013 Avv. Chiara Ciccia Romito contattabile al seguente indirizzo email <a href=\"mailto:dpo@zansigroup.it\">dpo@zansigroup.it<\/a><\/p>\n<h3>Interessati<\/h3>\n<p>Utenti fruitori dei servizi internet interessati al contatto con il titolare del trattamento e alla relativa iscrizione al form contatti.<\/p>\n<h3>Dati trattati<\/h3>\n<p>I dati trattati sono quelli inseriti nel form contatti ovvero dati identificativi quali nome, cognome e di contatto quali e-mail personale. I dati raccolti sono solo quelli strettamente necessari all\u2019assolvimento richiesto, rispettando il titolare il principio di minimizzazione sancito dall\u2019Art. 5 del Regolamento Europeo.<\/p>\n<p>I dati forniti saranno trattati dal titolare al fine di ricontattare l\u2019utente come da richiesta sottoposta al titolare del trattamento.<\/p>\n<h3>Finalit\u00e0 del trattamento<\/h3>\n<p>I dati personali inseriti nel form di iscrizione, inviati per scelta dell\u2019utente e volontariamente verranno utilizzati per il riscontro delle richieste sottoposte dall\u2019utente o al fine di adempiere al contatto richiesto dal form stesso. I sistemi informatici di questo processo prevedono l\u2019utilizzo della mail configurata in modalit\u00e0 da garantire la riservatezza, l\u2019integrit\u00e0 delle informazioni.<\/p>\n<h3>Natura del conferimento e base giuridica del trattamento<\/h3>\n<p>Il conferimento dei dati \u00e8 obbligatorio per riscontrare la richiesta dell\u2019utente, la base giuridica del trattamento si rinviene nell\u2019art. 6 lett. b) del Reg. Eu. 679\/2016 ovverosia per l\u2019esecuzione di misure precontrattuali adottate su richiesta dell\u2019interessato.<\/p>\n<h3>Modalit\u00e0 del trattamento<\/h3>\n<p>Il trattamento dei dati \u00e8 eseguito attraverso procedure informatiche o comunque mezzi telematici e supporti cartacei ad opera di soggetti, interni od esterni, a ci\u00f2 appositamente incaricati ed autorizzati e impegnati alla riservatezza. I dati sono trattati e conservati con strumenti idonei a garantirne la sicurezza, l\u2019integrit\u00e0 e la riservatezza mediante l\u2019adozione di misure di sicurezza adeguate come previsto dalla normativa.<\/p>\n<h3>Tempi di conservazione<\/h3>\n<p>I dati saranno conservati per 2 anni dalla trasmissione della richiesta di contatti.<\/p>\n<h3>\u00a0Comunicazione, diffusione, trasferimento<\/h3>\n<p>I dati raccolti non saranno diffusi, venduti o scambiati con soggetti terzi senza il consenso espresso dell\u2019interessato, salvo eventuali comunicazioni a soggetti terzi autorizzati &#8211; impegnati alla riservatezza o nel caso nominati responsabili del trattamento ex art. 28 del Regolamento (UE) 2016\/679. L\u2019elenco completo e aggiornato dei responsabili del trattamento \u00e8 reperibile, su richiesta, attraverso le modalit\u00e0 indicate alla presente informativa. I dati potranno essere comunicati alle autorit\u00e0 competenti, secondo i termini d legge.<\/p>\n<p><strong><em>Non \u00e8 previsto il trasferimento dei dati fuori dall\u2019Unione Europea.<\/em><\/strong><\/p>\n<h3>Diritti degli interessati<\/h3>\n<p>In qualsiasi momento, gli interessati hanno il diritto di accedere ai propri dati personali, di chiederne la rettifica, l\u2019aggiornamento e la relativa cancellazione. \u00c8, altres\u00ec, possibile opporsi al trattamento e richiederne la limitazione.<\/p>\n<p>Le suddette richieste potranno essere rivolte a Zanasi Group S.r.l., con sede legale in Via Farina, 31 &#8211;\u00a0 41053 Maranello (MO), P.IVA 02732390360, pec <a href=\"mailto:zanasi@cert.cna.it\">zanasi@cert.cna.it<\/a><\/p>\n<p>Inoltre, nel caso in cui si ritenga che il trattamento sia stato svolto in violazione della normativa sulla protezione dei dati personali, \u00e8 riconosciuto il diritto di presentare reclamo all\u2019Autorit\u00e0 Garante per la protezione dei dati personali, Piazza Venezia, 11 &#8211; 00187\u00a0&#8211; Roma.<\/p>\n","protected":false},"excerpt":{"rendered":"<p>Ai sensi dell\u2019art. 13 del Regolamento (UE) 2016\/679 Zanasi Group S.r.l., con sede legale in Via Farina, 31 &#8211;\u00a0 41053 Maranello (MO), P.IVA 02732390360, pec zanasi@cert.cna.it, in qualit\u00e0 di Titolare del trattamento, informa gli utenti del trattamento dei dati personali derivante dalla compilazione del form contatti per la richiesta di un preventivo. Titolare del trattamento [&hellip;]<\/p>\n","protected":false},"author":1,"featured_media":0,"parent":20829,"menu_order":0,"comment_status":"closed","ping_status":"closed","template":"full-width.php","meta":{"_acf_changed":false,"footnotes":""},"class_list":["post-16373","page","type-page","status-publish","hentry"],"acf":[],"yoast_head":"<!-- This site is optimized with the Yoast SEO plugin v27.3 - https:\/\/yoast.com\/product\/yoast-seo-wordpress\/ -->\n<title>Informativa per richiesta di preventivo | Carrozzeria Zanasi - Zanasi Group<\/title>\n<meta name=\"description\" content=\"Informativa per richiesta di preventivo on Carrozzeria Zanasi Maranello - Zanasi Group\" \/>\n<meta name=\"robots\" content=\"index, follow, max-snippet:-1, max-image-preview:large, max-video-preview:-1\" \/>\n<link rel=\"canonical\" href=\"https:\/\/www.zanasigroup.com\/it\/informazioni-legali\/informativa-per-richiesta-preventivo\/\" \/>\n<meta property=\"og:locale\" content=\"it_IT\" \/>\n<meta property=\"og:type\" content=\"article\" \/>\n<meta property=\"og:title\" content=\"Informativa per richiesta di preventivo | Carrozzeria Zanasi - Zanasi Group\" \/>\n<meta property=\"og:description\" content=\"Informativa per richiesta di preventivo on Carrozzeria Zanasi Maranello - Zanasi Group\" \/>\n<meta property=\"og:url\" content=\"https:\/\/www.zanasigroup.com\/it\/informazioni-legali\/informativa-per-richiesta-preventivo\/\" \/>\n<meta property=\"og:site_name\" content=\"Zanasi Group\" \/>\n<meta property=\"article:modified_time\" content=\"2025-02-04T16:03:23+00:00\" \/>\n<meta name=\"twitter:card\" content=\"summary_large_image\" \/>\n<meta name=\"twitter:label1\" content=\"Tempo di lettura stimato\" \/>\n\t<meta name=\"twitter:data1\" content=\"3 minuti\" \/>\n<script type=\"application\/ld+json\" class=\"yoast-schema-graph\">{\"@context\":\"https:\\\/\\\/schema.org\",\"@graph\":[{\"@type\":\"WebPage\",\"@id\":\"https:\\\/\\\/www.zanasigroup.com\\\/it\\\/informazioni-legali\\\/informativa-per-richiesta-preventivo\\\/\",\"url\":\"https:\\\/\\\/www.zanasigroup.com\\\/it\\\/informazioni-legali\\\/informativa-per-richiesta-preventivo\\\/\",\"name\":\"Informativa per richiesta di preventivo | Carrozzeria Zanasi - Zanasi Group\",\"isPartOf\":{\"@id\":\"https:\\\/\\\/www.zanasigroup.com\\\/it\\\/#website\"},\"datePublished\":\"2023-05-19T13:06:36+00:00\",\"dateModified\":\"2025-02-04T16:03:23+00:00\",\"description\":\"Informativa per richiesta di preventivo on Carrozzeria Zanasi Maranello - Zanasi Group\",\"breadcrumb\":{\"@id\":\"https:\\\/\\\/www.zanasigroup.com\\\/it\\\/informazioni-legali\\\/informativa-per-richiesta-preventivo\\\/#breadcrumb\"},\"inLanguage\":\"it-IT\",\"potentialAction\":[{\"@type\":\"ReadAction\",\"target\":[\"https:\\\/\\\/www.zanasigroup.com\\\/it\\\/informazioni-legali\\\/informativa-per-richiesta-preventivo\\\/\"]}]},{\"@type\":\"BreadcrumbList\",\"@id\":\"https:\\\/\\\/www.zanasigroup.com\\\/it\\\/informazioni-legali\\\/informativa-per-richiesta-preventivo\\\/#breadcrumb\",\"itemListElement\":[{\"@type\":\"ListItem\",\"position\":1,\"name\":\"Home\",\"item\":\"https:\\\/\\\/www.zanasigroup.com\\\/it\\\/\"},{\"@type\":\"ListItem\",\"position\":2,\"name\":\"Informazioni legali\",\"item\":\"https:\\\/\\\/www.zanasigroup.com\\\/it\\\/informazioni-legali\\\/\"},{\"@type\":\"ListItem\",\"position\":3,\"name\":\"Informativa per richiesta di preventivo\"}]},{\"@type\":\"WebSite\",\"@id\":\"https:\\\/\\\/www.zanasigroup.com\\\/it\\\/#website\",\"url\":\"https:\\\/\\\/www.zanasigroup.com\\\/it\\\/\",\"name\":\"Zanasi Group\",\"description\":\"The real Ferrari repair specialist - Body repair - Custom painting - Top quality standards\",\"potentialAction\":[{\"@type\":\"SearchAction\",\"target\":{\"@type\":\"EntryPoint\",\"urlTemplate\":\"https:\\\/\\\/www.zanasigroup.com\\\/it\\\/?s={search_term_string}\"},\"query-input\":{\"@type\":\"PropertyValueSpecification\",\"valueRequired\":true,\"valueName\":\"search_term_string\"}}],\"inLanguage\":\"it-IT\"}]}<\/script>\n<!-- \/ Yoast SEO plugin. -->","yoast_head_json":{"title":"Informativa per richiesta di preventivo | Carrozzeria Zanasi - Zanasi Group","description":"Informativa per richiesta di preventivo on Carrozzeria Zanasi Maranello - Zanasi Group","robots":{"index":"index","follow":"follow","max-snippet":"max-snippet:-1","max-image-preview":"max-image-preview:large","max-video-preview":"max-video-preview:-1"},"canonical":"https:\/\/www.zanasigroup.com\/it\/informazioni-legali\/informativa-per-richiesta-preventivo\/","og_locale":"it_IT","og_type":"article","og_title":"Informativa per richiesta di preventivo | Carrozzeria Zanasi - Zanasi Group","og_description":"Informativa per richiesta di preventivo on Carrozzeria Zanasi Maranello - Zanasi Group","og_url":"https:\/\/www.zanasigroup.com\/it\/informazioni-legali\/informativa-per-richiesta-preventivo\/","og_site_name":"Zanasi Group","article_modified_time":"2025-02-04T16:03:23+00:00","twitter_card":"summary_large_image","twitter_misc":{"Tempo di lettura stimato":"3 minuti"},"schema":{"@context":"https:\/\/schema.org","@graph":[{"@type":"WebPage","@id":"https:\/\/www.zanasigroup.com\/it\/informazioni-legali\/informativa-per-richiesta-preventivo\/","url":"https:\/\/www.zanasigroup.com\/it\/informazioni-legali\/informativa-per-richiesta-preventivo\/","name":"Informativa per richiesta di preventivo | Carrozzeria Zanasi - Zanasi Group","isPartOf":{"@id":"https:\/\/www.zanasigroup.com\/it\/#website"},"datePublished":"2023-05-19T13:06:36+00:00","dateModified":"2025-02-04T16:03:23+00:00","description":"Informativa per richiesta di preventivo on Carrozzeria Zanasi Maranello - Zanasi Group","breadcrumb":{"@id":"https:\/\/www.zanasigroup.com\/it\/informazioni-legali\/informativa-per-richiesta-preventivo\/#breadcrumb"},"inLanguage":"it-IT","potentialAction":[{"@type":"ReadAction","target":["https:\/\/www.zanasigroup.com\/it\/informazioni-legali\/informativa-per-richiesta-preventivo\/"]}]},{"@type":"BreadcrumbList","@id":"https:\/\/www.zanasigroup.com\/it\/informazioni-legali\/informativa-per-richiesta-preventivo\/#breadcrumb","itemListElement":[{"@type":"ListItem","position":1,"name":"Home","item":"https:\/\/www.zanasigroup.com\/it\/"},{"@type":"ListItem","position":2,"name":"Informazioni legali","item":"https:\/\/www.zanasigroup.com\/it\/informazioni-legali\/"},{"@type":"ListItem","position":3,"name":"Informativa per richiesta di preventivo"}]},{"@type":"WebSite","@id":"https:\/\/www.zanasigroup.com\/it\/#website","url":"https:\/\/www.zanasigroup.com\/it\/","name":"Zanasi Group","description":"The real Ferrari repair specialist - Body repair - Custom painting - Top quality standards","potentialAction":[{"@type":"SearchAction","target":{"@type":"EntryPoint","urlTemplate":"https:\/\/www.zanasigroup.com\/it\/?s={search_term_string}"},"query-input":{"@type":"PropertyValueSpecification","valueRequired":true,"valueName":"search_term_string"}}],"inLanguage":"it-IT"}]}},"_links":{"self":[{"href":"https:\/\/www.zanasigroup.com\/it\/wp-json\/wp\/v2\/pages\/16373","targetHints":{"allow":["GET"]}}],"collection":[{"href":"https:\/\/www.zanasigroup.com\/it\/wp-json\/wp\/v2\/pages"}],"about":[{"href":"https:\/\/www.zanasigroup.com\/it\/wp-json\/wp\/v2\/types\/page"}],"author":[{"embeddable":true,"href":"https:\/\/www.zanasigroup.com\/it\/wp-json\/wp\/v2\/users\/1"}],"replies":[{"embeddable":true,"href":"https:\/\/www.zanasigroup.com\/it\/wp-json\/wp\/v2\/comments?post=16373"}],"version-history":[{"count":3,"href":"https:\/\/www.zanasigroup.com\/it\/wp-json\/wp\/v2\/pages\/16373\/revisions"}],"predecessor-version":[{"id":20850,"href":"https:\/\/www.zanasigroup.com\/it\/wp-json\/wp\/v2\/pages\/16373\/revisions\/20850"}],"up":[{"embeddable":true,"href":"https:\/\/www.zanasigroup.com\/it\/wp-json\/wp\/v2\/pages\/20829"}],"wp:attachment":[{"href":"https:\/\/www.zanasigroup.com\/it\/wp-json\/wp\/v2\/media?parent=16373"}],"curies":[{"name":"wp","href":"https:\/\/api.w.org\/{rel}","templated":true}]}}