{"id":6027,"date":"2019-03-01T15:03:22","date_gmt":"2019-03-01T14:03:22","guid":{"rendered":"https:\/\/www.zanasigroup.com\/preventivi\/"},"modified":"2019-03-01T15:03:22","modified_gmt":"2019-03-01T14:03:22","slug":"preventivi","status":"publish","type":"page","link":"https:\/\/www.zanasigroup.com\/it\/contatti\/preventivi\/","title":{"rendered":"Preventivi"},"content":{"rendered":"\n<div class=\"wpcf7 no-js\" id=\"wpcf7-f6025-o1\" lang=\"it-IT\" dir=\"ltr\" data-wpcf7-id=\"6025\">\n<div class=\"screen-reader-response\"><p role=\"status\" aria-live=\"polite\" aria-atomic=\"true\"><\/p> <ul><\/ul><\/div>\n<form action=\"\/it\/wp-json\/wp\/v2\/pages\/6027#wpcf7-f6025-o1\" method=\"post\" class=\"wpcf7-form init\" aria-label=\"Modulo di contatto\" enctype=\"multipart\/form-data\" novalidate=\"novalidate\" data-status=\"init\">\n<fieldset class=\"hidden-fields-container\"><input type=\"hidden\" name=\"_wpcf7\" value=\"6025\" \/><input type=\"hidden\" name=\"_wpcf7_version\" value=\"6.1.5\" \/><input type=\"hidden\" name=\"_wpcf7_locale\" value=\"it_IT\" \/><input type=\"hidden\" name=\"_wpcf7_unit_tag\" value=\"wpcf7-f6025-o1\" \/><input type=\"hidden\" name=\"_wpcf7_container_post\" value=\"0\" \/><input type=\"hidden\" name=\"_wpcf7_posted_data_hash\" value=\"\" \/><input type=\"hidden\" name=\"_wpcf7_recaptcha_response\" value=\"\" \/>\n<\/fieldset>\n<div class=\"contact-form\">\n\t<div class=\"row\">\n\t\t<div class=\"col-md-6\">\n\t\t\t<div class=\"form-group\">\n\t\t\t\t<p><label for=\"nome\">Nome (*)<\/label><br \/>\n<span class=\"wpcf7-form-control-wrap\" data-name=\"nome\"><input size=\"40\" maxlength=\"400\" class=\"wpcf7-form-control wpcf7-text wpcf7-validates-as-required form-control\" aria-required=\"true\" aria-invalid=\"false\" placeholder=\"Il tuo nome\" value=\"\" type=\"text\" name=\"nome\" \/><\/span>\n\t\t\t\t<\/p>\n\t\t\t<\/div>\n\t\t<\/div>\n\t\t<div class=\"col-md-6\">\n\t\t\t<div class=\"form-group\">\n\t\t\t\t<p><label for=\"nome\">Cognome (*)<\/label><br \/>\n<span class=\"wpcf7-form-control-wrap\" data-name=\"cognome\"><input size=\"40\" maxlength=\"400\" class=\"wpcf7-form-control wpcf7-text wpcf7-validates-as-required form-control\" aria-required=\"true\" aria-invalid=\"false\" placeholder=\"il tuo cognome\" value=\"\" type=\"text\" name=\"cognome\" \/><\/span>\n\t\t\t\t<\/p>\n\t\t\t<\/div>\n\t\t<\/div>\n\t<\/div>\n\t<div class=\"row\">\n\t\t<div class=\"col-md-6\">\n\t\t\t<div class=\"form-group\">\n\t\t\t\t<p><label for=\"email\">Email (*)<\/label><br \/>\n<span class=\"wpcf7-form-control-wrap\" data-name=\"email\"><input size=\"40\" maxlength=\"400\" class=\"wpcf7-form-control wpcf7-email wpcf7-validates-as-required wpcf7-text wpcf7-validates-as-email form-control\" aria-required=\"true\" aria-invalid=\"false\" placeholder=\"your@email.com\" value=\"\" type=\"email\" name=\"email\" \/><\/span>\n\t\t\t\t<\/p>\n\t\t\t<\/div>\n\t\t<\/div>\n\t\t<div class=\"col-md-6\">\n\t\t\t<div class=\"form-group\">\n\t\t\t\t<p><label for=\"email\">Telefono (*)<\/label><br \/>\n<span class=\"wpcf7-form-control-wrap\" data-name=\"telefono\"><input size=\"40\" maxlength=\"400\" class=\"wpcf7-form-control wpcf7-tel wpcf7-validates-as-required wpcf7-text wpcf7-validates-as-tel form-control\" aria-required=\"true\" aria-invalid=\"false\" placeholder=\"+39 123 456\" value=\"\" type=\"tel\" name=\"telefono\" \/><\/span>\n\t\t\t\t<\/p>\n\t\t\t<\/div>\n\t\t<\/div>\n\t<\/div>\n\t<div class=\"row\">\n\t\t<div class=\"col-md-6\">\n\t\t\t<div class=\"form-group\">\n\t\t\t\t<p><label for=\"messaggio\">Descrizione lavoro<\/label><br \/>\n<span class=\"wpcf7-form-control-wrap\" data-name=\"message\"><textarea cols=\"40\" rows=\"10\" maxlength=\"2000\" class=\"wpcf7-form-control wpcf7-textarea form-control\" aria-invalid=\"false\" placeholder=\"una breve descrizione dell&#039;intervento\" name=\"message\"><\/textarea><\/span>\n\t\t\t\t<\/p>\n\t\t\t<\/div>\n\t\t<\/div>\n\t\t<div class=\"col-md-6\">\n\t\t\t<div class=\"form-group\">\n\t\t\t\t<p><label for=\"email\">Foto<\/label>\n\t\t\t\t<\/p>\n\t\t\t\t<div class=\"custom-file\">\n\t\t\t\t\t<p><span class=\"wpcf7-form-control-wrap\" data-name=\"jpg\"><input size=\"40\" class=\"wpcf7-form-control wpcf7-file custom-file-input\" accept=\".pdf\" aria-invalid=\"false\" type=\"file\" name=\"jpg\" \/><\/span><label class=\"custom-file-label\" for=\"customFile\">Scegli un file<\/label>\n\t\t\t\t\t<\/p>\n\t\t\t\t<\/div>\n\t\t\t<\/div>\n\t\t<\/div>\n\t<\/div>\n\t<div class=\"row\">\n\t\t<div class=\"col-lg-12\">\n\t\t\t<div class=\"p-3 mb-3 bg-white rounded\">\n\t\t\t\t<p><label>Informativa ai sensi dell'art. 13 del Regolamento Europeo 2016\/679<\/label>\n\t\t\t\t<\/p>\n\t\t\t\t<div class=\"privacy-wrapper mb-2\">\n\t\t\t\t\t<div class=\"no-copy\">Ai sensi dell\u2019art. 13 del Regolamento (UE) 2016\/679 Zanasi Group S.r.l., con sede legale in Via Farina, 31 -\u00a0 41053 Maranello (MO), P.IVA 02732390360, pec <a href=\"mailto:zanasi@cert.cna.it\">zanasi@cert.cna.it<\/a>, in qualit\u00e0 di Titolare del trattamento, informa gli utenti del trattamento dei dati personali derivante dalla compilazione del form contatti per la richiesta di un preventivo.\r\n<h3>Titolare del trattamento e DPO<\/h3>\r\nIl titolare del trattamento \u00e8 Zanasi Group S.r.l., con sede legale in Via Farina, 31 -\u00a0 41053 Maranello (MO), P.IVA 02732390360, pec <a href=\"mailto:zanasi@cert.cna.it\">zanasi@cert.cna.it<\/a>. Il titolare del trattamento ha nominato un Data Protection Officer \u2013 DPO \u2013 Avv. Chiara Ciccia Romito contattabile al seguente indirizzo email <a href=\"mailto:dpo@zansigroup.it\">dpo@zansigroup.it<\/a>\r\n<h3>Interessati<\/h3>\r\nUtenti fruitori dei servizi internet interessati al contatto con il titolare del trattamento e alla relativa iscrizione al form contatti.\r\n<h3>Dati trattati<\/h3>\r\nI dati trattati sono quelli inseriti nel form contatti ovvero dati identificativi quali nome, cognome e di contatto quali e-mail personale. I dati raccolti sono solo quelli strettamente necessari all\u2019assolvimento richiesto, rispettando il titolare il principio di minimizzazione sancito dall\u2019Art. 5 del Regolamento Europeo.\r\n\r\nI dati forniti saranno trattati dal titolare al fine di ricontattare l\u2019utente come da richiesta sottoposta al titolare del trattamento.\r\n<h3>Finalit\u00e0 del trattamento<\/h3>\r\nI dati personali inseriti nel form di iscrizione, inviati per scelta dell\u2019utente e volontariamente verranno utilizzati per il riscontro delle richieste sottoposte dall\u2019utente o al fine di adempiere al contatto richiesto dal form stesso. I sistemi informatici di questo processo prevedono l\u2019utilizzo della mail configurata in modalit\u00e0 da garantire la riservatezza, l\u2019integrit\u00e0 delle informazioni.\r\n<h3>Natura del conferimento e base giuridica del trattamento<\/h3>\r\nIl conferimento dei dati \u00e8 obbligatorio per riscontrare la richiesta dell\u2019utente, la base giuridica del trattamento si rinviene nell\u2019art. 6 lett. b) del Reg. Eu. 679\/2016 ovverosia per l\u2019esecuzione di misure precontrattuali adottate su richiesta dell\u2019interessato.\r\n<h3>Modalit\u00e0 del trattamento<\/h3>\r\nIl trattamento dei dati \u00e8 eseguito attraverso procedure informatiche o comunque mezzi telematici e supporti cartacei ad opera di soggetti, interni od esterni, a ci\u00f2 appositamente incaricati ed autorizzati e impegnati alla riservatezza. I dati sono trattati e conservati con strumenti idonei a garantirne la sicurezza, l\u2019integrit\u00e0 e la riservatezza mediante l\u2019adozione di misure di sicurezza adeguate come previsto dalla normativa.\r\n<h3>Tempi di conservazione<\/h3>\r\nI dati saranno conservati per 2 anni dalla trasmissione della richiesta di contatti.\r\n<h3>\u00a0Comunicazione, diffusione, trasferimento<\/h3>\r\nI dati raccolti non saranno diffusi, venduti o scambiati con soggetti terzi senza il consenso espresso dell\u2019interessato, salvo eventuali comunicazioni a soggetti terzi autorizzati - impegnati alla riservatezza o nel caso nominati responsabili del trattamento ex art. 28 del Regolamento (UE) 2016\/679. L\u2019elenco completo e aggiornato dei responsabili del trattamento \u00e8 reperibile, su richiesta, attraverso le modalit\u00e0 indicate alla presente informativa. I dati potranno essere comunicati alle autorit\u00e0 competenti, secondo i termini d legge.\r\n\r\n<strong><em>Non \u00e8 previsto il trasferimento dei dati fuori dall\u2019Unione Europea.<\/em><\/strong>\r\n<h3>Diritti degli interessati<\/h3>\r\nIn qualsiasi momento, gli interessati hanno il diritto di accedere ai propri dati personali, di chiederne la rettifica, l\u2019aggiornamento e la relativa cancellazione. \u00c8, altres\u00ec, possibile opporsi al trattamento e richiederne la limitazione.\r\n\r\nLe suddette richieste potranno essere rivolte a Zanasi Group S.r.l., con sede legale in Via Farina, 31 -\u00a0 41053 Maranello (MO), P.IVA 02732390360, pec <a href=\"mailto:zanasi@cert.cna.it\">zanasi@cert.cna.it<\/a>\r\n\r\nInoltre, nel caso in cui si ritenga che il trattamento sia stato svolto in violazione della normativa sulla protezione dei dati personali, \u00e8 riconosciuto il diritto di presentare reclamo all\u2019Autorit\u00e0 Garante per la protezione dei dati personali, Piazza Venezia, 11 - 00187\u00a0- Roma.<\/div>\n\t\t\t\t<\/div>\n\t\t\t\t<div class=\"form-check\">\n\t\t\t\t\t<p><span class=\"wpcf7-form-control-wrap\" data-name=\"privacy\"><span class=\"wpcf7-form-control wpcf7-acceptance\"><span class=\"wpcf7-list-item\"><input type=\"checkbox\" name=\"privacy\" value=\"1\" class=\"form-check-input\" aria-invalid=\"false\" \/><\/span><\/span><\/span><label class=\"form-check-label\">Dichiaro di aver letto epreso visione <a href=\"\/privacy-policy\" target=\"_blank\"> dell'informativa privacy <\/a><\/label>\n\t\t\t\t\t<\/p>\n\t\t\t\t<\/div>\n\t\t\t\t<div class=\"form-check form-check-inline pl-3 my-2\">\n\t\t\t\t\t<p>E <span class=\"wpcf7-form-control-wrap\" data-name=\"data\"><span class=\"wpcf7-form-control wpcf7-radio form-check-input\"><span class=\"wpcf7-list-item first\"><input type=\"radio\" name=\"data\" value=\"autorizzo\" \/><span class=\"wpcf7-list-item-label\">autorizzo<\/span><\/span><span class=\"wpcf7-list-item last\"><input type=\"radio\" name=\"data\" value=\"non autorizzo\" \/><span class=\"wpcf7-list-item-label\">non autorizzo<\/span><\/span><\/span><\/span> \u00a0 il trattamento dei miei dati personali.\n\t\t\t\t\t<\/p>\n\t\t\t\t<\/div>\n\t\t\t<\/div>\n\t\t<\/div>\n\t<\/div>\n\t<div class=\"row\">\n\t\t<div class=\"col-lg-12\">\n\t\t\t<p><input class=\"wpcf7-form-control wpcf7-submit has-spinner btn btn-default btn-lg d-block w-100\" type=\"submit\" value=\"Estimate\" \/>\n\t\t\t<\/p>\n\t\t<\/div>\n\t<\/div>\n<\/div><div class=\"wpcf7-response-output\" aria-hidden=\"true\"><\/div>\n<\/form>\n<\/div>\n\n","protected":false},"excerpt":{"rendered":"Nome (*) Cognome (*) Email (*) Telefono (*) Descrizione lavoro Foto Scegli un file Informativa ai sensi dell'art. 13 del Regolamento Europeo 2016\/679 Ai sensi dell\u2019art. 13 del Regolamento (UE) 2016\/679 Zanasi Group S.r.l., con sede legale in Via Farina, 31 -\u00a0 41053 Maranello (MO), P.IVA 02732390360, pec zanasi@cert.cna.it, in qualit\u00e0 di Titolare del trattamento, [...]","protected":false},"author":1,"featured_media":0,"parent":7201,"menu_order":0,"comment_status":"closed","ping_status":"closed","template":"","meta":{"_acf_changed":false,"footnotes":""},"class_list":["post-6027","page","type-page","status-publish","hentry"],"acf":[],"yoast_head":"<!-- This site is optimized with the Yoast SEO plugin v27.5 - https:\/\/yoast.com\/product\/yoast-seo-wordpress\/ -->\n<title>Preventiva lavori | Zanasi Group - Carrozzeria Maranello<\/title>\n<meta name=\"description\" content=\"Inviaci la tua documentazione e le foto per valutare il lavoro da eseguire sulla tua auto. Ti risponderemo il prima possibile. Zanasi Group Maranello.\" \/>\n<meta name=\"robots\" content=\"index, follow, max-snippet:-1, max-image-preview:large, max-video-preview:-1\" \/>\n<link rel=\"canonical\" href=\"https:\/\/www.zanasigroup.com\/it\/contatti\/preventivi\/\" \/>\n<meta property=\"og:locale\" content=\"it_IT\" \/>\n<meta property=\"og:type\" content=\"article\" \/>\n<meta property=\"og:title\" content=\"Preventiva lavori | Zanasi Group - Carrozzeria Maranello\" \/>\n<meta property=\"og:description\" content=\"Inviaci la tua documentazione e le foto per valutare il lavoro da eseguire sulla tua auto. Ti risponderemo il prima possibile. Zanasi Group Maranello.\" \/>\n<meta property=\"og:url\" content=\"https:\/\/www.zanasigroup.com\/it\/contatti\/preventivi\/\" \/>\n<meta property=\"og:site_name\" content=\"Zanasi Group\" \/>\n<meta name=\"twitter:card\" content=\"summary_large_image\" \/>\n<script type=\"application\/ld+json\" class=\"yoast-schema-graph\">{\"@context\":\"https:\\\/\\\/schema.org\",\"@graph\":[{\"@type\":\"WebPage\",\"@id\":\"https:\\\/\\\/www.zanasigroup.com\\\/it\\\/contatti\\\/preventivi\\\/\",\"url\":\"https:\\\/\\\/www.zanasigroup.com\\\/it\\\/contatti\\\/preventivi\\\/\",\"name\":\"Preventiva lavori | Zanasi Group - Carrozzeria Maranello\",\"isPartOf\":{\"@id\":\"https:\\\/\\\/www.zanasigroup.com\\\/it\\\/#website\"},\"datePublished\":\"2019-03-01T14:03:22+00:00\",\"description\":\"Inviaci la tua documentazione e le foto per valutare il lavoro da eseguire sulla tua auto. Ti risponderemo il prima possibile. Zanasi Group Maranello.\",\"breadcrumb\":{\"@id\":\"https:\\\/\\\/www.zanasigroup.com\\\/it\\\/contatti\\\/preventivi\\\/#breadcrumb\"},\"inLanguage\":\"it-IT\",\"potentialAction\":[{\"@type\":\"ReadAction\",\"target\":[\"https:\\\/\\\/www.zanasigroup.com\\\/it\\\/contatti\\\/preventivi\\\/\"]}]},{\"@type\":\"BreadcrumbList\",\"@id\":\"https:\\\/\\\/www.zanasigroup.com\\\/it\\\/contatti\\\/preventivi\\\/#breadcrumb\",\"itemListElement\":[{\"@type\":\"ListItem\",\"position\":1,\"name\":\"Home\",\"item\":\"https:\\\/\\\/www.zanasigroup.com\\\/it\\\/\"},{\"@type\":\"ListItem\",\"position\":2,\"name\":\"Contatti\",\"item\":\"https:\\\/\\\/www.zanasigroup.com\\\/it\\\/contatti\\\/\"},{\"@type\":\"ListItem\",\"position\":3,\"name\":\"Preventivi\"}]},{\"@type\":\"WebSite\",\"@id\":\"https:\\\/\\\/www.zanasigroup.com\\\/it\\\/#website\",\"url\":\"https:\\\/\\\/www.zanasigroup.com\\\/it\\\/\",\"name\":\"Zanasi Group\",\"description\":\"The real Ferrari repair specialist - Body repair - Custom painting - Top quality standards\",\"potentialAction\":[{\"@type\":\"SearchAction\",\"target\":{\"@type\":\"EntryPoint\",\"urlTemplate\":\"https:\\\/\\\/www.zanasigroup.com\\\/it\\\/?s={search_term_string}\"},\"query-input\":{\"@type\":\"PropertyValueSpecification\",\"valueRequired\":true,\"valueName\":\"search_term_string\"}}],\"inLanguage\":\"it-IT\"}]}<\/script>\n<!-- \/ Yoast SEO plugin. -->","yoast_head_json":{"title":"Preventiva lavori | Zanasi Group - Carrozzeria Maranello","description":"Inviaci la tua documentazione e le foto per valutare il lavoro da eseguire sulla tua auto. Ti risponderemo il prima possibile. Zanasi Group Maranello.","robots":{"index":"index","follow":"follow","max-snippet":"max-snippet:-1","max-image-preview":"max-image-preview:large","max-video-preview":"max-video-preview:-1"},"canonical":"https:\/\/www.zanasigroup.com\/it\/contatti\/preventivi\/","og_locale":"it_IT","og_type":"article","og_title":"Preventiva lavori | Zanasi Group - Carrozzeria Maranello","og_description":"Inviaci la tua documentazione e le foto per valutare il lavoro da eseguire sulla tua auto. Ti risponderemo il prima possibile. Zanasi Group Maranello.","og_url":"https:\/\/www.zanasigroup.com\/it\/contatti\/preventivi\/","og_site_name":"Zanasi Group","twitter_card":"summary_large_image","schema":{"@context":"https:\/\/schema.org","@graph":[{"@type":"WebPage","@id":"https:\/\/www.zanasigroup.com\/it\/contatti\/preventivi\/","url":"https:\/\/www.zanasigroup.com\/it\/contatti\/preventivi\/","name":"Preventiva lavori | Zanasi Group - Carrozzeria Maranello","isPartOf":{"@id":"https:\/\/www.zanasigroup.com\/it\/#website"},"datePublished":"2019-03-01T14:03:22+00:00","description":"Inviaci la tua documentazione e le foto per valutare il lavoro da eseguire sulla tua auto. Ti risponderemo il prima possibile. Zanasi Group Maranello.","breadcrumb":{"@id":"https:\/\/www.zanasigroup.com\/it\/contatti\/preventivi\/#breadcrumb"},"inLanguage":"it-IT","potentialAction":[{"@type":"ReadAction","target":["https:\/\/www.zanasigroup.com\/it\/contatti\/preventivi\/"]}]},{"@type":"BreadcrumbList","@id":"https:\/\/www.zanasigroup.com\/it\/contatti\/preventivi\/#breadcrumb","itemListElement":[{"@type":"ListItem","position":1,"name":"Home","item":"https:\/\/www.zanasigroup.com\/it\/"},{"@type":"ListItem","position":2,"name":"Contatti","item":"https:\/\/www.zanasigroup.com\/it\/contatti\/"},{"@type":"ListItem","position":3,"name":"Preventivi"}]},{"@type":"WebSite","@id":"https:\/\/www.zanasigroup.com\/it\/#website","url":"https:\/\/www.zanasigroup.com\/it\/","name":"Zanasi Group","description":"The real Ferrari repair specialist - Body repair - Custom painting - Top quality standards","potentialAction":[{"@type":"SearchAction","target":{"@type":"EntryPoint","urlTemplate":"https:\/\/www.zanasigroup.com\/it\/?s={search_term_string}"},"query-input":{"@type":"PropertyValueSpecification","valueRequired":true,"valueName":"search_term_string"}}],"inLanguage":"it-IT"}]}},"_links":{"self":[{"href":"https:\/\/www.zanasigroup.com\/it\/wp-json\/wp\/v2\/pages\/6027","targetHints":{"allow":["GET"]}}],"collection":[{"href":"https:\/\/www.zanasigroup.com\/it\/wp-json\/wp\/v2\/pages"}],"about":[{"href":"https:\/\/www.zanasigroup.com\/it\/wp-json\/wp\/v2\/types\/page"}],"author":[{"embeddable":true,"href":"https:\/\/www.zanasigroup.com\/it\/wp-json\/wp\/v2\/users\/1"}],"replies":[{"embeddable":true,"href":"https:\/\/www.zanasigroup.com\/it\/wp-json\/wp\/v2\/comments?post=6027"}],"version-history":[{"count":0,"href":"https:\/\/www.zanasigroup.com\/it\/wp-json\/wp\/v2\/pages\/6027\/revisions"}],"up":[{"embeddable":true,"href":"https:\/\/www.zanasigroup.com\/it\/wp-json\/wp\/v2\/pages\/7201"}],"wp:attachment":[{"href":"https:\/\/www.zanasigroup.com\/it\/wp-json\/wp\/v2\/media?parent=6027"}],"curies":[{"name":"wp","href":"https:\/\/api.w.org\/{rel}","templated":true}]}}