{"id":6957,"date":"2019-02-28T12:16:27","date_gmt":"2019-02-28T11:16:27","guid":{"rendered":"https:\/\/www.zanasigroup.com\/home-page\/"},"modified":"2019-02-28T12:16:27","modified_gmt":"2019-02-28T11:16:27","slug":"home-page","status":"publish","type":"page","link":"https:\/\/www.zanasigroup.com\/it\/","title":{"rendered":"Home page"},"content":{"rendered":"<h2>Carrozzeria Zanasi Maranello &#8211; Ferrari Service<\/h2>\n<h3>Oltre 50 anni di esperienza in carrozzeria, verniciatura e restauro.<\/h3>\n<p>La Carrozzeria Zanasi, e il Gruppo Zanasi, sono un&#8217;azienda con <strong> oltre 50 anni <\/strong> di storia ed esperienza nella carrozzeria, verniciatura e restauro. Come <strong> Servizio Ferrari <\/strong> siamo una Carrozzeria Autorizzata dalla Fabbrica con tecnico certificato. La nostra <em> clinica automobilistica <\/em> \u00e8 anche specializzata in <strong> qualsiasi riparazione e personalizzazione di auto di fascia alta <\/strong>. La Carrozzeria Zanasi \u00e8 un punto di riferimento nel <strong> restauro di auto d&#8217;epoca. <\/strong> Grazie alla stretta collaborazione con la Reparto Ferrari Classiche , possiamo preparare la tua auto per il rilascio dei <em> Certificati di Autenticit\u00e0 Ferrari <\/em> la certificazione speciale per tutte le Ferrari stradali di et\u00e0 superiore ai 20 anni e per tutte le Ferrari da competizione, comprese le monoposto di Formula 1 di qualsiasi et\u00e0. Dotata dei pi\u00f9 avanzati sistemi di verniciatura e diagnostica, la Carrozzeria Zanasi ha completato con successo un ampio audit e ha preso l&#8217;impegno significativo che \u00e8 richiesto per essere una carrozzeria certificata. La struttura \u00e8 gestita da tecnici formati in fabbrica con esperienza nella riparazione di Ferrari e Maserati secondo gli standard di fabbrica.<\/p>\n<h3>Carrozzeria Zanasi Maranello: L&#8217;azienda<\/h3>\n<p><img decoding=\"async\" class=\"alignleft size-medium wp-image-5983\" src=\"https:\/\/www.zanasigroup.com\/wp-content\/uploads\/2016\/06\/carrozzeria-zanasi-ferrari-classic-car-resoration-004-300x214.jpg\" alt=\"carrozzeria-zanasi-ferrari-classic-car-resoration-004\" width=\" 300\" height=\"214\" srcset=\"https:\/\/www.zanasigroup.com\/wp-content\/uploads\/2016\/06\/carrozzeria-zanasi-ferrari-classic-car-resoration-004-300x214.jpg 300w, https:\/\/www.zanasigroup.com\/wp-content\/uploads\/2016\/06\/carrozzeria-zanasi-ferrari-classic-car-resoration-004-768x548.jpg 768w, https:\/\/www.zanasigroup.com\/wp-content\/uploads\/2016\/06\/carrozzeria-zanasi-ferrari-classic-car-resoration-004.jpg 1024w\" sizes=\"(max-width: 300px) 100vw, 300px\" \/> La <em> Carrozzeria Zanasi <\/em> \u00e8 una storica azienda che affonda le sue radici nella terra dei motori e della velocit\u00e0: <strong> Maranello <\/strong>. Ci\u00f2 port\u00f2 presto l&#8217;azienda a essere influenzata dal pi\u00f9 grande produttore locale: <em>Ferrari<\/em>. La collaborazione tra <em> Carrozzeria Zanasi <\/em> e <em> Ferrari <\/em> inizia nel <strong> 1964 <\/strong>, quando lo stesso <strong> Enzo Ferrari <\/strong> \u00e8 alla ricerca di abili artigiani con capacit\u00e0 di riparare le sue auto. Cos\u00ec Enzo incontra <strong> Umberto Zanasi <\/strong>, giovane artigiano locale di talento. Grazie alla sua dedizione al lavoro e alle sue ottime capacit\u00e0 Umberto si \u00e8 subito guadagnato la fiducia del <strong><em>Drake<\/em> <\/strong>. La vera svolta avviene nel 1970 con l&#8217;arrivo del battilastra <em> Sergio Martinelli <\/em> e del verniciatore <em>Adriano Giusti<\/em>. All&#8217;epoca la carrozzeria ufficiale Ferrari a Modena, <em>Scaglietti<\/em>, cessa di riparare le vetture di serie dei clienti Ferrari, che passano in gran parte alla Carrozzeria Zanasi. Allo stesso tempo, la casa automobilistica di Maranello, concede un riconoscimento ufficiale a quel semplice rapporto part-time iniziato molto tempo fa e basato solo sulla stima reciproca di Umberto Zanasi ed Enzo Ferrari, trasformandolo in un <strong> vero partnership industriale <\/strong>.<\/p>\n<div style=\"border-top: 1px solid #222; padding: 0 10px; border-bottom: 1px solid #222; background-color: rgba(255,255,255,0.6);\">\n<h3>Potrebbe interessarti:<\/h3>\n<ul>\n<li><a href=\"https:\/\/www.zanasigroup.com\/it\/azienda-carrozzeria-zanasi\/\">Company<\/a><\/li>\n<li><a href=\"https:\/\/www.zanasigroup.com\/it\/azienda-carrozzeria-zanasi\/cliniche-per-auto\/\">Our car clinics<\/a><\/li>\n<li><a href=\"https:\/\/www.zanasigroup.com\/it\/azienda-carrozzeria-zanasi\/la-nostra-storia\/\">Our Story<\/a><\/li>\n<\/ul>\n<\/div>\n<h3>Carrozzeria Zanasi Maranello: prodotti e servizi<\/h3>\n<p><img decoding=\"async\" class=\"alignleft size-medium wp-image-5985\" src=\"https:\/\/www.zanasigroup.com\/wp-content\/uploads\/2016\/06\/img-Gallery-Classic-4-300x188.jpg\" alt=\"Carrozzeria Zanasi - Auto d'epoca - Auto d'epoca \" width=\" 300 \" height=\" 188 \" srcset=\"https:\/\/www.zanasigroup.com\/wp-content\/uploads\/2016\/06\/img-Gallery-Classic-4-300x188.jpg 300w, https:\/\/www.zanasigroup.com\/wp-content\/uploads\/2016\/06\/img-Gallery-Classic-4-768x480.jpg 768w, https:\/\/www.zanasigroup.com\/wp-content\/uploads\/2016\/06\/img-Gallery-Classic-4-1024x640.jpg 1024w, https:\/\/www.zanasigroup.com\/wp-content\/uploads\/2016\/06\/img-Gallery-Classic-4.jpg 1920w\" sizes=\"(max-width: 300px) 100vw, 300px\" \/> La Carrozzeria Zanasi dispone di cinque forni di verniciatura; di tre contatori carrozzeria Car Bench, di cui uno specifico per strutture in alluminio (Ferrari 360 Modena), tester per controlli specifici su carrozzerie Ferrari; Dime originali della casa per riparazioni &#8220;all&#8217;avanguardia&#8221;; banchi prova e, se necessario, disegni originali. Solo le carrozzerie autorizzate Ferrari (in Emilia Romagna sono solo due), possono disporre di tale attrezzatura. I clienti Zanasi arrivano da tutto il mondo con vetture storiche o di recente produzione, leggermente danneggiate o semidistrutte con la certezza di riavere la propria vettura in perfette condizioni. La carrozzeria Zanasi, infatti, dispone di un fornitissimo magazzino ricambi per ogni tipologia di Ferrari commercializzata anche con pezzi Pininfarina introvabili. Alla clientela pi\u00f9 esigente \u00e8 in grado di fornire soluzioni personalizzate con accessori originali quali ruote, sedili, interni in carbonio, ecc &#8230; La gamma dei colori \u00e8 pressoch\u00e9 completa. L&#8217;assoluta esperienza e capacit\u00e0 professionale degli uomini della carrozzeria Zanasi \u00e8 ancora oggi al servizio della stessa casa delle Rosse, anche per le vetture di Formula Uno. Nel 1993, a suggello di questo rapporto, la Carrozzeria Zanasi acquista la monoposto di Michele Alboreto, che fa bella mostra di s\u00e9 all&#8217;ingresso della carrozzeria; Infatti tutti i pi\u00f9 grandi campioni che sono riusciti a guidare le vetture del pony, da Gilles Villeneuve a Michael Schumacher, si sono affidati alle &#8220;cure&#8221; di Zanasi.<\/p>\n<div style=\"border-top: 1px solid #222; padding: 0 10px; border-bottom: 1px solid #222; background-color: rgba(255,255,255,0.6);\">\n<h3>Potrebbe interessarti:<\/h3>\n<ul>\n<li><a href=\"https:\/\/www.zanasigroup.com\/it\/servizio-auto-moderne\/\">Modern Car Service<\/a><\/li>\n<li><a href=\"https:\/\/www.zanasigroup.com\/it\/servizio-auto-classiche\/\">Classic Car Service<\/a><\/li>\n<\/ul>\n<\/div>\n<h2>Contatti<\/h2>\n<p>Per informazioni: Zanasi Group &#8211; Via Farina, 31, 41053 Maranello MO ITALY\u00a0 Tel: <a href=\"tel:+390536941018\">0536 \/ 941018<\/a> Fax: 0536\/ 940855<\/p>\n","protected":false},"excerpt":{"rendered":"<p>Carrozzeria Zanasi Maranello &#8211; Ferrari Service Oltre 50 anni di esperienza in carrozzeria, verniciatura e restauro. La Carrozzeria Zanasi, e il Gruppo Zanasi, sono un&#8217;azienda con oltre 50 anni di storia ed esperienza nella carrozzeria, verniciatura e restauro. Come Servizio Ferrari siamo una Carrozzeria Autorizzata dalla Fabbrica con tecnico certificato. La nostra clinica automobilistica \u00e8 [&hellip;]<\/p>\n","protected":false},"author":1,"featured_media":0,"parent":0,"menu_order":0,"comment_status":"closed","ping_status":"closed","template":"","meta":{"_acf_changed":false,"footnotes":""},"class_list":["post-6957","page","type-page","status-publish","hentry"],"acf":[],"yoast_head":"<!-- This site is optimized with the Yoast SEO plugin v27.5 - https:\/\/yoast.com\/product\/yoast-seo-wordpress\/ -->\n<title>Carrozzeria Zanasi Maranello - Zanasi Group | The car clinics<\/title>\n<meta name=\"description\" content=\"Carrozzeria Zanasi, e il Gruppo Zanasi, oltre 50 anni di storia ed esperienza nella carrozzeria, verniciatura e restauro.\" \/>\n<meta name=\"robots\" content=\"index, follow, max-snippet:-1, max-image-preview:large, max-video-preview:-1\" \/>\n<link rel=\"canonical\" href=\"https:\/\/www.zanasigroup.com\/it\/\" \/>\n<meta property=\"og:locale\" content=\"it_IT\" \/>\n<meta property=\"og:type\" content=\"article\" \/>\n<meta property=\"og:title\" content=\"Carrozzeria Zanasi Maranello - Zanasi Group | The car clinics\" \/>\n<meta property=\"og:description\" content=\"Carrozzeria Zanasi, e il Gruppo Zanasi, oltre 50 anni di storia ed esperienza nella carrozzeria, verniciatura e restauro.\" \/>\n<meta property=\"og:url\" content=\"https:\/\/www.zanasigroup.com\/it\/\" \/>\n<meta property=\"og:site_name\" content=\"Zanasi Group\" \/>\n<meta property=\"og:image\" content=\"https:\/\/www.zanasigroup.com\/wp-content\/uploads\/2016\/06\/carrozzeria-zanasi-ferrari-classic-car-resoration-004-300x214.jpg\" \/>\n<meta name=\"twitter:card\" content=\"summary_large_image\" \/>\n<meta name=\"twitter:label1\" content=\"Tempo di lettura stimato\" \/>\n\t<meta name=\"twitter:data1\" content=\"3 minuti\" \/>\n<script type=\"application\/ld+json\" class=\"yoast-schema-graph\">{\"@context\":\"https:\\\/\\\/schema.org\",\"@graph\":[{\"@type\":\"WebPage\",\"@id\":\"https:\\\/\\\/www.zanasigroup.com\\\/it\\\/\",\"url\":\"https:\\\/\\\/www.zanasigroup.com\\\/it\\\/\",\"name\":\"Carrozzeria Zanasi Maranello - Zanasi Group | The car clinics\",\"isPartOf\":{\"@id\":\"https:\\\/\\\/www.zanasigroup.com\\\/it\\\/#website\"},\"primaryImageOfPage\":{\"@id\":\"https:\\\/\\\/www.zanasigroup.com\\\/it\\\/#primaryimage\"},\"image\":{\"@id\":\"https:\\\/\\\/www.zanasigroup.com\\\/it\\\/#primaryimage\"},\"thumbnailUrl\":\"https:\\\/\\\/www.zanasigroup.com\\\/wp-content\\\/uploads\\\/2016\\\/06\\\/carrozzeria-zanasi-ferrari-classic-car-resoration-004-300x214.jpg\",\"datePublished\":\"2019-02-28T11:16:27+00:00\",\"description\":\"Carrozzeria Zanasi, e il Gruppo Zanasi, oltre 50 anni di storia ed esperienza nella carrozzeria, verniciatura e restauro.\",\"breadcrumb\":{\"@id\":\"https:\\\/\\\/www.zanasigroup.com\\\/it\\\/#breadcrumb\"},\"inLanguage\":\"it-IT\",\"potentialAction\":[{\"@type\":\"ReadAction\",\"target\":[\"https:\\\/\\\/www.zanasigroup.com\\\/it\\\/\"]}]},{\"@type\":\"ImageObject\",\"inLanguage\":\"it-IT\",\"@id\":\"https:\\\/\\\/www.zanasigroup.com\\\/it\\\/#primaryimage\",\"url\":\"https:\\\/\\\/www.zanasigroup.com\\\/wp-content\\\/uploads\\\/2016\\\/06\\\/carrozzeria-zanasi-ferrari-classic-car-resoration-004-300x214.jpg\",\"contentUrl\":\"https:\\\/\\\/www.zanasigroup.com\\\/wp-content\\\/uploads\\\/2016\\\/06\\\/carrozzeria-zanasi-ferrari-classic-car-resoration-004-300x214.jpg\"},{\"@type\":\"BreadcrumbList\",\"@id\":\"https:\\\/\\\/www.zanasigroup.com\\\/it\\\/#breadcrumb\",\"itemListElement\":[{\"@type\":\"ListItem\",\"position\":1,\"name\":\"Home\",\"item\":\"https:\\\/\\\/www.zanasigroup.com\\\/it\\\/\"},{\"@type\":\"ListItem\",\"position\":2,\"name\":\"Home page\"}]},{\"@type\":\"WebSite\",\"@id\":\"https:\\\/\\\/www.zanasigroup.com\\\/it\\\/#website\",\"url\":\"https:\\\/\\\/www.zanasigroup.com\\\/it\\\/\",\"name\":\"Zanasi Group\",\"description\":\"The real Ferrari repair specialist - Body repair - Custom painting - Top quality standards\",\"potentialAction\":[{\"@type\":\"SearchAction\",\"target\":{\"@type\":\"EntryPoint\",\"urlTemplate\":\"https:\\\/\\\/www.zanasigroup.com\\\/it\\\/?s={search_term_string}\"},\"query-input\":{\"@type\":\"PropertyValueSpecification\",\"valueRequired\":true,\"valueName\":\"search_term_string\"}}],\"inLanguage\":\"it-IT\"}]}<\/script>\n<!-- \/ Yoast SEO plugin. -->","yoast_head_json":{"title":"Carrozzeria Zanasi Maranello - Zanasi Group | The car clinics","description":"Carrozzeria Zanasi, e il Gruppo Zanasi, oltre 50 anni di storia ed esperienza nella carrozzeria, verniciatura e restauro.","robots":{"index":"index","follow":"follow","max-snippet":"max-snippet:-1","max-image-preview":"max-image-preview:large","max-video-preview":"max-video-preview:-1"},"canonical":"https:\/\/www.zanasigroup.com\/it\/","og_locale":"it_IT","og_type":"article","og_title":"Carrozzeria Zanasi Maranello - Zanasi Group | The car clinics","og_description":"Carrozzeria Zanasi, e il Gruppo Zanasi, oltre 50 anni di storia ed esperienza nella carrozzeria, verniciatura e restauro.","og_url":"https:\/\/www.zanasigroup.com\/it\/","og_site_name":"Zanasi Group","og_image":[{"url":"https:\/\/www.zanasigroup.com\/wp-content\/uploads\/2016\/06\/carrozzeria-zanasi-ferrari-classic-car-resoration-004-300x214.jpg","type":"","width":"","height":""}],"twitter_card":"summary_large_image","twitter_misc":{"Tempo di lettura stimato":"3 minuti"},"schema":{"@context":"https:\/\/schema.org","@graph":[{"@type":"WebPage","@id":"https:\/\/www.zanasigroup.com\/it\/","url":"https:\/\/www.zanasigroup.com\/it\/","name":"Carrozzeria Zanasi Maranello - Zanasi Group | The car clinics","isPartOf":{"@id":"https:\/\/www.zanasigroup.com\/it\/#website"},"primaryImageOfPage":{"@id":"https:\/\/www.zanasigroup.com\/it\/#primaryimage"},"image":{"@id":"https:\/\/www.zanasigroup.com\/it\/#primaryimage"},"thumbnailUrl":"https:\/\/www.zanasigroup.com\/wp-content\/uploads\/2016\/06\/carrozzeria-zanasi-ferrari-classic-car-resoration-004-300x214.jpg","datePublished":"2019-02-28T11:16:27+00:00","description":"Carrozzeria Zanasi, e il Gruppo Zanasi, oltre 50 anni di storia ed esperienza nella carrozzeria, verniciatura e restauro.","breadcrumb":{"@id":"https:\/\/www.zanasigroup.com\/it\/#breadcrumb"},"inLanguage":"it-IT","potentialAction":[{"@type":"ReadAction","target":["https:\/\/www.zanasigroup.com\/it\/"]}]},{"@type":"ImageObject","inLanguage":"it-IT","@id":"https:\/\/www.zanasigroup.com\/it\/#primaryimage","url":"https:\/\/www.zanasigroup.com\/wp-content\/uploads\/2016\/06\/carrozzeria-zanasi-ferrari-classic-car-resoration-004-300x214.jpg","contentUrl":"https:\/\/www.zanasigroup.com\/wp-content\/uploads\/2016\/06\/carrozzeria-zanasi-ferrari-classic-car-resoration-004-300x214.jpg"},{"@type":"BreadcrumbList","@id":"https:\/\/www.zanasigroup.com\/it\/#breadcrumb","itemListElement":[{"@type":"ListItem","position":1,"name":"Home","item":"https:\/\/www.zanasigroup.com\/it\/"},{"@type":"ListItem","position":2,"name":"Home page"}]},{"@type":"WebSite","@id":"https:\/\/www.zanasigroup.com\/it\/#website","url":"https:\/\/www.zanasigroup.com\/it\/","name":"Zanasi Group","description":"The real Ferrari repair specialist - Body repair - Custom painting - Top quality standards","potentialAction":[{"@type":"SearchAction","target":{"@type":"EntryPoint","urlTemplate":"https:\/\/www.zanasigroup.com\/it\/?s={search_term_string}"},"query-input":{"@type":"PropertyValueSpecification","valueRequired":true,"valueName":"search_term_string"}}],"inLanguage":"it-IT"}]}},"_links":{"self":[{"href":"https:\/\/www.zanasigroup.com\/it\/wp-json\/wp\/v2\/pages\/6957","targetHints":{"allow":["GET"]}}],"collection":[{"href":"https:\/\/www.zanasigroup.com\/it\/wp-json\/wp\/v2\/pages"}],"about":[{"href":"https:\/\/www.zanasigroup.com\/it\/wp-json\/wp\/v2\/types\/page"}],"author":[{"embeddable":true,"href":"https:\/\/www.zanasigroup.com\/it\/wp-json\/wp\/v2\/users\/1"}],"replies":[{"embeddable":true,"href":"https:\/\/www.zanasigroup.com\/it\/wp-json\/wp\/v2\/comments?post=6957"}],"version-history":[{"count":0,"href":"https:\/\/www.zanasigroup.com\/it\/wp-json\/wp\/v2\/pages\/6957\/revisions"}],"wp:attachment":[{"href":"https:\/\/www.zanasigroup.com\/it\/wp-json\/wp\/v2\/media?parent=6957"}],"curies":[{"name":"wp","href":"https:\/\/api.w.org\/{rel}","templated":true}]}}