{"id":7201,"date":"2016-06-15T19:03:28","date_gmt":"2016-06-15T17:03:28","guid":{"rendered":"https:\/\/www.zanasigroup.com\/?page_id=7201"},"modified":"2020-11-18T16:25:14","modified_gmt":"2020-11-18T15:25:14","slug":"contatti","status":"publish","type":"page","link":"https:\/\/www.zanasigroup.com\/it\/contatti\/","title":{"rendered":"Contatti"},"content":{"rendered":"<div class=\"wpb-content-wrapper\"><p>[vc_row][vc_column width=&#8221;1\/2&#8243;][vc_column_text]<\/p>\n<h3>Zanasi Group s.r.l.<\/h3>\n<p>Via Farina Giuseppe, 31 &#8211; 41053 Maranello (Mo) &#8211; Italy<\/p>\n<p>Tel. <a href=\"tel:+390536941018\">+39 0536 941 018<\/a><br \/>\nFax. <a href=\"tel:+390536940855\">+39 0536 940 855<\/a>[\/vc_column_text][\/vc_column][vc_column width=&#8221;1\/4&#8243;][vc_column_text]<a class=\"d-block p-1 ignore-transition\" href=\"https:\/\/play.google.com\/store\/apps\/details?id=com.bss.zanasi&amp;utm_source=website&amp;pcampaignid=MKT-Other-global-all-co-prtnr-py-PartBadge-Mar2515-1\"><img decoding=\"async\" style=\"max-width: 100%;\" src=\"https:\/\/www.zanasigroup.com\/wp-content\/uploads\/2020\/03\/play-store-available.jpg\" alt=\"Get it on Google Play\" \/><\/a>[\/vc_column_text][\/vc_column][vc_column width=&#8221;1\/4&#8243;][vc_column_text]<a class=\"d-block p-1 ignore-transition\" href=\"https:\/\/apps.apple.com\/it\/app\/zanasi\/id1196683575\"><img decoding=\"async\" style=\"max-width: 100%;\" src=\"https:\/\/www.zanasigroup.com\/wp-content\/uploads\/2020\/03\/app-store-available.jpg\" alt=\"Available on App Store\" \/><\/a>[\/vc_column_text][\/vc_column][\/vc_row][vc_row][vc_column]\n<div class=\"wpcf7 no-js\" id=\"wpcf7-f7408-o1\" lang=\"it-IT\" dir=\"ltr\" data-wpcf7-id=\"7408\">\n<div class=\"screen-reader-response\"><p role=\"status\" aria-live=\"polite\" aria-atomic=\"true\"><\/p> <ul><\/ul><\/div>\n<form action=\"\/it\/wp-json\/wp\/v2\/pages\/7201#wpcf7-f7408-o1\" method=\"post\" class=\"wpcf7-form init\" aria-label=\"Modulo di contatto\" novalidate=\"novalidate\" data-status=\"init\">\n<fieldset class=\"hidden-fields-container\"><input type=\"hidden\" name=\"_wpcf7\" value=\"7408\" \/><input type=\"hidden\" name=\"_wpcf7_version\" value=\"6.1.5\" \/><input type=\"hidden\" name=\"_wpcf7_locale\" value=\"it_IT\" \/><input type=\"hidden\" name=\"_wpcf7_unit_tag\" value=\"wpcf7-f7408-o1\" \/><input type=\"hidden\" name=\"_wpcf7_container_post\" value=\"0\" \/><input type=\"hidden\" name=\"_wpcf7_posted_data_hash\" value=\"\" \/><input type=\"hidden\" name=\"_wpcf7_recaptcha_response\" value=\"\" \/>\n<\/fieldset>\n<div id=\"contact-form\">\n\t<h2>Contattaci, \u00e8 semplice!\n\t<\/h2>\n\t<p>Se vuoi chiedere qualcosa sul nostro servizio speciale, utilizza questo modulo di contatto. Ti risponderemo il prima possibile.\n\t<\/p>\n\t<div class=\"row\">\n\t\t<div class=\"col-md-6\">\n\t\t\t<div class=\"form-group\">\n\t\t\t\t<p><label for=\"nome\">Name (*)<\/label><br \/>\n<span class=\"wpcf7-form-control-wrap\" data-name=\"nome\"><input size=\"40\" maxlength=\"400\" class=\"wpcf7-form-control wpcf7-text wpcf7-validates-as-required form-control\" aria-required=\"true\" aria-invalid=\"false\" placeholder=\"Your name\" value=\"\" type=\"text\" name=\"nome\" \/><\/span>\n\t\t\t\t<\/p>\n\t\t\t<\/div>\n\t\t<\/div>\n\t\t<div class=\"col-md-6\">\n\t\t\t<div class=\"form-group\">\n\t\t\t\t<p><label for=\"email\">Email (*)<\/label><br \/>\n<span class=\"wpcf7-form-control-wrap\" data-name=\"email\"><input size=\"40\" maxlength=\"400\" class=\"wpcf7-form-control wpcf7-email wpcf7-validates-as-required wpcf7-text wpcf7-validates-as-email form-control\" aria-required=\"true\" aria-invalid=\"false\" placeholder=\"your@email.com\" value=\"\" type=\"email\" name=\"email\" \/><\/span>\n\t\t\t\t<\/p>\n\t\t\t<\/div>\n\t\t<\/div>\n\t<\/div>\n\t<div class=\"row\">\n\t\t<div class=\"col-12\">\n\t\t\t<div class=\"form-group\">\n\t\t\t\t<p><label for=\"messaggio\">Come possiamo aiutarti?<\/label><br \/>\n<span class=\"wpcf7-form-control-wrap\" data-name=\"message\"><textarea cols=\"40\" rows=\"10\" maxlength=\"2000\" class=\"wpcf7-form-control wpcf7-textarea wpcf7-validates-as-required form-control\" aria-required=\"true\" aria-invalid=\"false\" placeholder=\"Your message\" name=\"message\"><\/textarea><\/span><small class=\"form-text text-muted\">(*) Campi richiesti <\/small>\n\t\t\t\t<\/p>\n\t\t\t<\/div>\n\t\t<\/div>\n\t<\/div>\n\t<div class=\"row\">\n\t\t<div class=\"col-lg-12\">\n\t\t\t<div class=\"p-3 mb-3 bg-white rounded\">\n\t\t\t\t<p><label>Informativa ai sensi dell'art. 13 del Regolamento Europeo 2016\/679<\/label>\n\t\t\t\t<\/p>\n\t\t\t\t<div class=\"privacy-wrapper mb-2\">\n\t\t\t\t\t<div class=\"no-copy\"><h2>INFORMATIVA PER INVIO COMUNICAZIONI SU NUOVI PRODOTTI IN MATERIA DI PROTEZIONE DEI DATI PERSONALI AI SENSI DELL'ART. 13 REGOLAMENTO (UE) 2016\/ 679<\/h2>\r\nAi sensi dell\u2019art. 13 del Regolamento (UE) 2016\/679, Zanasi Group (p.i. 04166780363), con sede in via Farina 31,Maranello MO, 41053, in qualit\u00e0 di Titolare del trattamento, informa gli utenti del trattamento dei dati personali derivante dall\u2019invio di e-mail riguardanti l\u2019uscita di nuovi prodotti.\r\n<h3>Titolare del trattamento<\/h3>\r\nIl titolare del trattamento \u00e8 Zanasi Group (p.i. 04166780363), con sede in via Farina 31, Maranello MO, 41053, pec zanasigroup@pec.zanasigroup.com\r\n<h3>Data Protection Officer<\/h3>\r\nIl titolare del trattamento ha nominato un DPO, contattabile all\u2019indirizzo dpo@zanasigroup.it\r\n<h3>Soggetti interessati<\/h3>\r\nClienti di Zanasi Group da informare in merito alla commercializzazione di nuovi prodotti da parte di Zanasi Group.\r\n<h3>Dati trattati<\/h3>\r\nI dati trattati sono:\r\n<ul>\r\n \t<li>dati personali (nome; cognome);<\/li>\r\n \t<li>dati di contatto (indirizzo e-mail);<\/li>\r\n \t<li>dati inerenti ai prodotti gi\u00e0 acquistati;<\/li>\r\n \t<li>dati inerenti agli interessi del cliente in merito ai prodotti offerti.<\/li>\r\n<\/ul>\r\n<h3><strong><em>\u00a0<\/em><\/strong>Finalit\u00e0 del trattamento<\/h3>\r\nLa finalit\u00e0 del trattamento \u00e8 quella di ricevere aggiornamenti sui nuovi prodotti offerti da Zanasi Group.\r\n<h3>Natura del conferimento e base giuridica del trattamento<\/h3>\r\nLa base giuridica del trattamento \u00e8 rinvenibile all\u2019art. 6, comma 1, lett. f), GDPR: il trattamento \u00e8 necessario per il perseguimento del legittimo interesse del titolare del trattamento, a condizione che non prevalgano gli interessi o i diritti e le libert\u00e0 fondamentali dell'interessato che richiedono la protezione dei dati personali. Il legittimo interesse del titolare risiede nell\u2019informare i suoi clienti della presenza e dell\u2019uscita sul mercato di nuovi prodotti o servizi. Il mancato conferimento dei dati comporter\u00e0 l\u2019impossibilit\u00e0 per il cliente di essere informato sulle novit\u00e0 offerte da Zanasi Group tramite l\u2019invio di comunicazioni commerciali.\r\n\r\nIl bilanciamento tra interesse legittimo del titolare del trattamento e diritti dell\u2019interessato \u00e8 disponibile su richiesta.\r\n<h3><strong><em>\u00a0<\/em><\/strong>Modalit\u00e0 del trattamento<\/h3>\r\nIl trattamento dei dati \u00e8 eseguito attraverso procedure informatiche o mezzi telematici e supporti cartacei ad opera di soggetti, interni od esterni, a ci\u00f2 appositamente incaricati, autorizzati e impegnati alla riservatezza. I dati sono trattati e conservati con strumenti idonei a garantirne la sicurezza, l\u2019integrit\u00e0 e la riservatezza mediante l\u2019adozione di misure adeguate come previsto dalla normativa.\r\n<h3>Tempi di conservazione<\/h3>\r\nI dati personali verranno conservati in una forma che consenta l\u2019identificazione degli stessi per un arco temporale non superiore al conseguimento delle finalit\u00e0 per le quali i dati sono stati raccolti; verranno pertanto conservati fino all\u2019esistenza del rapporto contrattuale in essere e non oltre i 10 anni a decorrere dalla cessazione del contratto.\r\n<h3><strong><em>\u00a0<\/em><\/strong>Comunicazione, diffusione, trasferimento<\/h3>\r\nI dati raccolti non saranno diffusi, venduti o scambiati con soggetti terzi senza il consenso espresso dell\u2019interessato, salvo eventuali comunicazioni a soggetti terzi autorizzati impegnati alla riservatezza o nel caso nominati responsabili del trattamento ex art. 28 del Regolamento (UE) 2016\/679. L\u2019elenco completo e aggiornato dei responsabili del trattamento \u00e8 reperibile, su richiesta, attraverso le modalit\u00e0 indicate alla presente informativa. I dati potranno essere comunicati alle autorit\u00e0 competenti, secondo i termini d legge.\r\n\r\nNon \u00e8 previsto il trasferimento dei dati fuori dall\u2019Unione Europea.\r\n<h3><strong><em>\u00a0<\/em><\/strong>Diritti degli interessati<\/h3>\r\nIn qualsiasi momento, gli interessati hanno diritto di accedere ai propri dati personali, di chiederne la rettifica, l\u2019aggiornamento e la relativa cancellazione. \u00c8, altres\u00ec, possibile opporsi al trattamento e richiederne la limitazione.\r\n\r\nI diritti sono esercitabili attraverso l\u2019invio di:\r\n<ul>\r\n \t<li>una raccomandata A\/R a Zanasi Group, via Farina 31, Maranello MO, 41053;<\/li>\r\n \t<li>una PEC all\u2019indirizzo zanasigroup@pec.zanasigroup.com<\/li>\r\n \t<li>una mail al DPO, all\u2019indirizzo dpo@zanasigroup.it<\/li>\r\n<\/ul>\r\nInoltre, nel caso in cui si ritenga che il trattamento sia stato svolto in violazione della normativa sulla protezione dei dati personali, \u00e8 riconosciuto il diritto di presentare reclamo all\u2019Autorit\u00e0 Garante per la protezione dei dati personali, Piazza Venezia n. 11 \u2013 00187\u00a0Roma.<\/div>\n\t\t\t\t<\/div>\n\t\t\t\t<div class=\"form-check\">\n\t\t\t\t\t<p><span class=\"wpcf7-form-control-wrap\" data-name=\"privacy\"><span class=\"wpcf7-form-control wpcf7-acceptance\"><span class=\"wpcf7-list-item\"><input type=\"checkbox\" name=\"privacy\" value=\"1\" class=\"form-check-input\" aria-invalid=\"false\" \/><\/span><\/span><\/span><label class=\"form-check-label\">Dichiaro di aver letto e preso visione <a href=\"\/privacy-policy\" target=\"_blank\"> dell'informativa privacy <\/a><\/label>\n\t\t\t\t\t<\/p>\n\t\t\t\t<\/div>\n\t\t\t<\/div>\n\t\t<\/div>\n\t<\/div>\n\t<div class=\"row\">\n\t\t<div class=\"col-lg-12\">\n\t\t\t<p><input class=\"wpcf7-form-control wpcf7-submit has-spinner btn btn-default btn-lg d-block w-100\" type=\"submit\" value=\"Invia\" \/>\n\t\t\t<\/p>\n\t\t<\/div>\n\t<\/div>\n<\/div><div class=\"wpcf7-response-output\" aria-hidden=\"true\"><\/div>\n<\/form>\n<\/div>\n[\/vc_column][\/vc_row]<\/p>\n<\/div>","protected":false},"excerpt":{"rendered":"<p>[vc_row][vc_column width=&#8221;1\/2&#8243;][vc_column_text] Zanasi Group s.r.l. Via Farina Giuseppe, 31 &#8211; 41053 Maranello (Mo) &#8211; Italy Tel. +39 0536 941 018 Fax. +39 0536 940 855[\/vc_column_text][\/vc_column][vc_column width=&#8221;1\/4&#8243;][vc_column_text][\/vc_column_text][\/vc_column][vc_column width=&#8221;1\/4&#8243;][vc_column_text][\/vc_column_text][\/vc_column][\/vc_row][vc_row][vc_column][\/vc_column][\/vc_row]<\/p>\n","protected":false},"author":1,"featured_media":0,"parent":0,"menu_order":0,"comment_status":"closed","ping_status":"closed","template":"","meta":{"_acf_changed":false,"footnotes":""},"class_list":["post-7201","page","type-page","status-publish","hentry"],"acf":[],"yoast_head":"<!-- This site is optimized with the Yoast SEO plugin v27.5 - https:\/\/yoast.com\/product\/yoast-seo-wordpress\/ -->\n<title>Carrozzeria Zanasi &amp; Zanasi Group: tutti i contatti | Carrozzeria Zanasi<\/title>\n<meta name=\"description\" content=\"Serve un appuntamento per riparare la tua supercar? Compila il form o contatta Carrozzeria Zanasi: via Farina, 31 Maranello (MO) Italy Tel. +390536941018\" \/>\n<meta name=\"robots\" content=\"index, follow, max-snippet:-1, max-image-preview:large, max-video-preview:-1\" \/>\n<link rel=\"canonical\" href=\"https:\/\/www.zanasigroup.com\/it\/contatti\/\" \/>\n<meta property=\"og:locale\" content=\"it_IT\" \/>\n<meta property=\"og:type\" content=\"article\" \/>\n<meta property=\"og:title\" content=\"Carrozzeria Zanasi &amp; Zanasi Group: tutti i contatti | Carrozzeria Zanasi\" \/>\n<meta property=\"og:description\" content=\"Serve un appuntamento per riparare la tua supercar? Compila il form o contatta Carrozzeria Zanasi: via Farina, 31 Maranello (MO) Italy Tel. +390536941018\" \/>\n<meta property=\"og:url\" content=\"https:\/\/www.zanasigroup.com\/it\/contatti\/\" \/>\n<meta property=\"og:site_name\" content=\"Zanasi Group\" \/>\n<meta property=\"article:modified_time\" content=\"2020-11-18T15:25:14+00:00\" \/>\n<meta property=\"og:image\" content=\"https:\/\/www.zanasigroup.com\/wp-content\/uploads\/2020\/03\/play-store-available.jpg\" \/>\n<meta name=\"twitter:card\" content=\"summary_large_image\" \/>\n<script type=\"application\/ld+json\" class=\"yoast-schema-graph\">{\"@context\":\"https:\\\/\\\/schema.org\",\"@graph\":[{\"@type\":\"WebPage\",\"@id\":\"https:\\\/\\\/www.zanasigroup.com\\\/it\\\/contatti\\\/\",\"url\":\"https:\\\/\\\/www.zanasigroup.com\\\/it\\\/contatti\\\/\",\"name\":\"Carrozzeria Zanasi & Zanasi Group: tutti i contatti | Carrozzeria Zanasi\",\"isPartOf\":{\"@id\":\"https:\\\/\\\/www.zanasigroup.com\\\/it\\\/#website\"},\"primaryImageOfPage\":{\"@id\":\"https:\\\/\\\/www.zanasigroup.com\\\/it\\\/contatti\\\/#primaryimage\"},\"image\":{\"@id\":\"https:\\\/\\\/www.zanasigroup.com\\\/it\\\/contatti\\\/#primaryimage\"},\"thumbnailUrl\":\"https:\\\/\\\/www.zanasigroup.com\\\/wp-content\\\/uploads\\\/2020\\\/03\\\/play-store-available.jpg\",\"datePublished\":\"2016-06-15T17:03:28+00:00\",\"dateModified\":\"2020-11-18T15:25:14+00:00\",\"description\":\"Serve un appuntamento per riparare la tua supercar? Compila il form o contatta Carrozzeria Zanasi: via Farina, 31 Maranello (MO) Italy Tel. +390536941018\",\"breadcrumb\":{\"@id\":\"https:\\\/\\\/www.zanasigroup.com\\\/it\\\/contatti\\\/#breadcrumb\"},\"inLanguage\":\"it-IT\",\"potentialAction\":[{\"@type\":\"ReadAction\",\"target\":[\"https:\\\/\\\/www.zanasigroup.com\\\/it\\\/contatti\\\/\"]}]},{\"@type\":\"ImageObject\",\"inLanguage\":\"it-IT\",\"@id\":\"https:\\\/\\\/www.zanasigroup.com\\\/it\\\/contatti\\\/#primaryimage\",\"url\":\"https:\\\/\\\/www.zanasigroup.com\\\/wp-content\\\/uploads\\\/2020\\\/03\\\/play-store-available.jpg\",\"contentUrl\":\"https:\\\/\\\/www.zanasigroup.com\\\/wp-content\\\/uploads\\\/2020\\\/03\\\/play-store-available.jpg\"},{\"@type\":\"BreadcrumbList\",\"@id\":\"https:\\\/\\\/www.zanasigroup.com\\\/it\\\/contatti\\\/#breadcrumb\",\"itemListElement\":[{\"@type\":\"ListItem\",\"position\":1,\"name\":\"Home\",\"item\":\"https:\\\/\\\/www.zanasigroup.com\\\/it\\\/\"},{\"@type\":\"ListItem\",\"position\":2,\"name\":\"Contatti\"}]},{\"@type\":\"WebSite\",\"@id\":\"https:\\\/\\\/www.zanasigroup.com\\\/it\\\/#website\",\"url\":\"https:\\\/\\\/www.zanasigroup.com\\\/it\\\/\",\"name\":\"Zanasi Group\",\"description\":\"The real Ferrari repair specialist - Body repair - Custom painting - Top quality standards\",\"potentialAction\":[{\"@type\":\"SearchAction\",\"target\":{\"@type\":\"EntryPoint\",\"urlTemplate\":\"https:\\\/\\\/www.zanasigroup.com\\\/it\\\/?s={search_term_string}\"},\"query-input\":{\"@type\":\"PropertyValueSpecification\",\"valueRequired\":true,\"valueName\":\"search_term_string\"}}],\"inLanguage\":\"it-IT\"}]}<\/script>\n<!-- \/ Yoast SEO plugin. -->","yoast_head_json":{"title":"Carrozzeria Zanasi & Zanasi Group: tutti i contatti | Carrozzeria Zanasi","description":"Serve un appuntamento per riparare la tua supercar? Compila il form o contatta Carrozzeria Zanasi: via Farina, 31 Maranello (MO) Italy Tel. +390536941018","robots":{"index":"index","follow":"follow","max-snippet":"max-snippet:-1","max-image-preview":"max-image-preview:large","max-video-preview":"max-video-preview:-1"},"canonical":"https:\/\/www.zanasigroup.com\/it\/contatti\/","og_locale":"it_IT","og_type":"article","og_title":"Carrozzeria Zanasi & Zanasi Group: tutti i contatti | Carrozzeria Zanasi","og_description":"Serve un appuntamento per riparare la tua supercar? Compila il form o contatta Carrozzeria Zanasi: via Farina, 31 Maranello (MO) Italy Tel. +390536941018","og_url":"https:\/\/www.zanasigroup.com\/it\/contatti\/","og_site_name":"Zanasi Group","article_modified_time":"2020-11-18T15:25:14+00:00","og_image":[{"url":"https:\/\/www.zanasigroup.com\/wp-content\/uploads\/2020\/03\/play-store-available.jpg","type":"","width":"","height":""}],"twitter_card":"summary_large_image","schema":{"@context":"https:\/\/schema.org","@graph":[{"@type":"WebPage","@id":"https:\/\/www.zanasigroup.com\/it\/contatti\/","url":"https:\/\/www.zanasigroup.com\/it\/contatti\/","name":"Carrozzeria Zanasi & Zanasi Group: tutti i contatti | Carrozzeria Zanasi","isPartOf":{"@id":"https:\/\/www.zanasigroup.com\/it\/#website"},"primaryImageOfPage":{"@id":"https:\/\/www.zanasigroup.com\/it\/contatti\/#primaryimage"},"image":{"@id":"https:\/\/www.zanasigroup.com\/it\/contatti\/#primaryimage"},"thumbnailUrl":"https:\/\/www.zanasigroup.com\/wp-content\/uploads\/2020\/03\/play-store-available.jpg","datePublished":"2016-06-15T17:03:28+00:00","dateModified":"2020-11-18T15:25:14+00:00","description":"Serve un appuntamento per riparare la tua supercar? Compila il form o contatta Carrozzeria Zanasi: via Farina, 31 Maranello (MO) Italy Tel. +390536941018","breadcrumb":{"@id":"https:\/\/www.zanasigroup.com\/it\/contatti\/#breadcrumb"},"inLanguage":"it-IT","potentialAction":[{"@type":"ReadAction","target":["https:\/\/www.zanasigroup.com\/it\/contatti\/"]}]},{"@type":"ImageObject","inLanguage":"it-IT","@id":"https:\/\/www.zanasigroup.com\/it\/contatti\/#primaryimage","url":"https:\/\/www.zanasigroup.com\/wp-content\/uploads\/2020\/03\/play-store-available.jpg","contentUrl":"https:\/\/www.zanasigroup.com\/wp-content\/uploads\/2020\/03\/play-store-available.jpg"},{"@type":"BreadcrumbList","@id":"https:\/\/www.zanasigroup.com\/it\/contatti\/#breadcrumb","itemListElement":[{"@type":"ListItem","position":1,"name":"Home","item":"https:\/\/www.zanasigroup.com\/it\/"},{"@type":"ListItem","position":2,"name":"Contatti"}]},{"@type":"WebSite","@id":"https:\/\/www.zanasigroup.com\/it\/#website","url":"https:\/\/www.zanasigroup.com\/it\/","name":"Zanasi Group","description":"The real Ferrari repair specialist - Body repair - Custom painting - Top quality standards","potentialAction":[{"@type":"SearchAction","target":{"@type":"EntryPoint","urlTemplate":"https:\/\/www.zanasigroup.com\/it\/?s={search_term_string}"},"query-input":{"@type":"PropertyValueSpecification","valueRequired":true,"valueName":"search_term_string"}}],"inLanguage":"it-IT"}]}},"_links":{"self":[{"href":"https:\/\/www.zanasigroup.com\/it\/wp-json\/wp\/v2\/pages\/7201","targetHints":{"allow":["GET"]}}],"collection":[{"href":"https:\/\/www.zanasigroup.com\/it\/wp-json\/wp\/v2\/pages"}],"about":[{"href":"https:\/\/www.zanasigroup.com\/it\/wp-json\/wp\/v2\/types\/page"}],"author":[{"embeddable":true,"href":"https:\/\/www.zanasigroup.com\/it\/wp-json\/wp\/v2\/users\/1"}],"replies":[{"embeddable":true,"href":"https:\/\/www.zanasigroup.com\/it\/wp-json\/wp\/v2\/comments?post=7201"}],"version-history":[{"count":1,"href":"https:\/\/www.zanasigroup.com\/it\/wp-json\/wp\/v2\/pages\/7201\/revisions"}],"predecessor-version":[{"id":7202,"href":"https:\/\/www.zanasigroup.com\/it\/wp-json\/wp\/v2\/pages\/7201\/revisions\/7202"}],"wp:attachment":[{"href":"https:\/\/www.zanasigroup.com\/it\/wp-json\/wp\/v2\/media?parent=7201"}],"curies":[{"name":"wp","href":"https:\/\/api.w.org\/{rel}","templated":true}]}}