{"id":7205,"date":"2016-06-13T18:40:27","date_gmt":"2016-06-13T16:40:27","guid":{"rendered":"https:\/\/www.zanasigroup.com\/servizio-auto-moderne\/"},"modified":"2020-11-18T18:47:55","modified_gmt":"2020-11-18T17:47:55","slug":"servizio-auto-moderne","status":"publish","type":"page","link":"https:\/\/www.zanasigroup.com\/it\/servizio-auto-moderne\/","title":{"rendered":"Servizio auto moderne"},"content":{"rendered":"<h2>La piena soddisfazione del cliente \u00e8 il nostro obiettivo principale: l&#8217;unico limite \u00e8 la tua immaginazione<\/h2>\n<p>La denominazione <em> Ferrari Service <\/em> \u00e8 nota come sinonimo di qualit\u00e0 e professionalit\u00e0, ma questo non limita la nostra esperienza solo alle vetture di Maranello. La <em> Carrozzeria Zanasi <\/em> offre due tipologie di servizi per auto moderne, entrambi focalizzati alla completa soddisfazione del cliente:<\/p>\n<h3>Carrozzeria<\/h3>\n<p>Gli incidenti accadono e sappiamo quanto possano essere frustranti. Per rendere questa un&#8217;esperienza meno fastidiosa, Carrozzeria Zanasi garantisce un servizio completo che soddisfa le vostre esigenze:<\/p>\n<ul>\n<li><em> Servizio di ritiro auto <\/em> (per Europa continentale e Regno Unito);<\/li>\n<li><em> Servizio riparazione tecnico certificato: <\/em> solo con ricambi originali (per le vetture Ferrari utilizzeremo solo ricambi &#8220;<em> Ferrari Genuine <\/em>&#8220;);<\/li>\n<li><em> Documentazione completa del processo di riparazione <\/em> (una documentazione fotografica passo passo con l&#8217;elenco completo dei pezzi di ricambio e le relative immagini);<\/li>\n<li>Possibilit\u00e0 di <em> visita di lavoro in corso <\/em>, per verificare il nostro lavoro;<\/li>\n<li><em> Servizio di consegna auto. <\/em><\/li>\n<\/ul>\n<h3>Atelier<\/h3>\n<p>Ricorda <em> &#8220;L&#8217;unico limite \u00e8 la tua immaginazione&#8221; <\/em>: sedili in denim, finiture in ciliegio, livree ispirate al passato, parti in carbonio blu e molto altro ancora. Queste sono solo alcune delle richieste dei nostri clienti. I <strong> sogni dei nostri clienti diventano realt\u00e0 <\/strong> attraverso un accurato progetto, tecniche di rendering 3D e un ampio catalogo di pezzi campione dimostrativi, <em> Carrozzeria Zanasi <\/em> garantisce e segue la completa realizzazione delle vostre scelte.<\/p>\n\n\t\t\t<section class='br-grid' data-columns='4' data-items='20'>\n\t\t\t<div id='gallery-1' class='row'><div class=\"gallery-item col-md-3 col-sm-6 \">\n\t\t\t\t<div class=\"br-element\">\n\t\t\t\t\t<div class='autosquare lightbox' data-delta=\"1\" style=\"background-image:url('https:\/\/www.zanasigroup.com\/wp-content\/uploads\/2019\/06\/zanasi-group-moder-car-body-shop-01.jpg')\" title=\"zanasi-group-moder-car-body-shop-01\" data-url=\"https:\/\/www.zanasigroup.com\/wp-content\/uploads\/2019\/06\/zanasi-group-moder-car-body-shop-01.jpg\" data-width=\"1200\" data-height=\"800\">\n\t\t\t\t\t\t<img decoding=\"async\" src=\"https:\/\/www.zanasigroup.com\/wp-content\/uploads\/2019\/06\/zanasi-group-moder-car-body-shop-01.jpg\" alt=\"\" title=\"zanasi-group-moder-car-body-shop-01\" \/>\n\t\t\t\t\t<\/div>\n\t\t\t\t\t\n\t\t\t\t<\/div>\n\t\t\t<\/div><div class=\"gallery-item col-md-3 col-sm-6 \">\n\t\t\t\t<div class=\"br-element\">\n\t\t\t\t\t<div class='autosquare lightbox' data-delta=\"1\" style=\"background-image:url('https:\/\/www.zanasigroup.com\/wp-content\/uploads\/2019\/06\/zanasi-group-moder-car-body-shop-03.jpg')\" title=\"zanasi-group-moder-car-body-shop-03\" data-url=\"https:\/\/www.zanasigroup.com\/wp-content\/uploads\/2019\/06\/zanasi-group-moder-car-body-shop-03.jpg\" data-width=\"1200\" data-height=\"800\">\n\t\t\t\t\t\t<img decoding=\"async\" src=\"https:\/\/www.zanasigroup.com\/wp-content\/uploads\/2019\/06\/zanasi-group-moder-car-body-shop-03.jpg\" alt=\"\" title=\"zanasi-group-moder-car-body-shop-03\" \/>\n\t\t\t\t\t<\/div>\n\t\t\t\t\t\n\t\t\t\t<\/div>\n\t\t\t<\/div><div class=\"gallery-item col-md-3 col-sm-6 \">\n\t\t\t\t<div class=\"br-element\">\n\t\t\t\t\t<div class='autosquare lightbox' data-delta=\"1\" style=\"background-image:url('https:\/\/www.zanasigroup.com\/wp-content\/uploads\/2019\/06\/zanasi-group-moder-car-body-shop-04.jpg')\" title=\"zanasi-group-moder-car-body-shop-04\" data-url=\"https:\/\/www.zanasigroup.com\/wp-content\/uploads\/2019\/06\/zanasi-group-moder-car-body-shop-04.jpg\" data-width=\"1200\" data-height=\"800\">\n\t\t\t\t\t\t<img decoding=\"async\" src=\"https:\/\/www.zanasigroup.com\/wp-content\/uploads\/2019\/06\/zanasi-group-moder-car-body-shop-04.jpg\" alt=\"\" title=\"zanasi-group-moder-car-body-shop-04\" \/>\n\t\t\t\t\t<\/div>\n\t\t\t\t\t\n\t\t\t\t<\/div>\n\t\t\t<\/div><div class=\"gallery-item col-md-3 col-sm-6 \">\n\t\t\t\t<div class=\"br-element\">\n\t\t\t\t\t<div class='autosquare lightbox' data-delta=\"1\" style=\"background-image:url('https:\/\/www.zanasigroup.com\/wp-content\/uploads\/2019\/06\/zanasi-group-moder-car-body-shop-05.jpg')\" title=\"zanasi-group-moder-car-body-shop-05\" data-url=\"https:\/\/www.zanasigroup.com\/wp-content\/uploads\/2019\/06\/zanasi-group-moder-car-body-shop-05.jpg\" data-width=\"1200\" data-height=\"671\">\n\t\t\t\t\t\t<img decoding=\"async\" src=\"https:\/\/www.zanasigroup.com\/wp-content\/uploads\/2019\/06\/zanasi-group-moder-car-body-shop-05.jpg\" alt=\"\" title=\"zanasi-group-moder-car-body-shop-05\" \/>\n\t\t\t\t\t<\/div>\n\t\t\t\t\t\n\t\t\t\t<\/div>\n\t\t\t<\/div><div class=\"gallery-item col-md-3 col-sm-6 \">\n\t\t\t\t<div class=\"br-element\">\n\t\t\t\t\t<div class='autosquare lightbox' data-delta=\"1\" style=\"background-image:url('https:\/\/www.zanasigroup.com\/wp-content\/uploads\/2019\/06\/zanasi-group-moder-car-body-shop-06.jpg')\" title=\"zanasi-group-moder-car-body-shop-06\" data-url=\"https:\/\/www.zanasigroup.com\/wp-content\/uploads\/2019\/06\/zanasi-group-moder-car-body-shop-06.jpg\" data-width=\"1200\" data-height=\"800\">\n\t\t\t\t\t\t<img decoding=\"async\" src=\"https:\/\/www.zanasigroup.com\/wp-content\/uploads\/2019\/06\/zanasi-group-moder-car-body-shop-06.jpg\" alt=\"\" title=\"zanasi-group-moder-car-body-shop-06\" \/>\n\t\t\t\t\t<\/div>\n\t\t\t\t\t\n\t\t\t\t<\/div>\n\t\t\t<\/div><div class=\"gallery-item col-md-3 col-sm-6 \">\n\t\t\t\t<div class=\"br-element\">\n\t\t\t\t\t<div class='autosquare lightbox' data-delta=\"1\" style=\"background-image:url('https:\/\/www.zanasigroup.com\/wp-content\/uploads\/2019\/06\/zanasi-group-moder-car-body-shop-07.jpg')\" title=\"zanasi-group-moder-car-body-shop-07\" data-url=\"https:\/\/www.zanasigroup.com\/wp-content\/uploads\/2019\/06\/zanasi-group-moder-car-body-shop-07.jpg\" data-width=\"1200\" data-height=\"733\">\n\t\t\t\t\t\t<img decoding=\"async\" src=\"https:\/\/www.zanasigroup.com\/wp-content\/uploads\/2019\/06\/zanasi-group-moder-car-body-shop-07.jpg\" alt=\"\" title=\"zanasi-group-moder-car-body-shop-07\" \/>\n\t\t\t\t\t<\/div>\n\t\t\t\t\t\n\t\t\t\t<\/div>\n\t\t\t<\/div><div class=\"gallery-item col-md-3 col-sm-6 \">\n\t\t\t\t<div class=\"br-element\">\n\t\t\t\t\t<div class='autosquare lightbox' data-delta=\"1\" style=\"background-image:url('https:\/\/www.zanasigroup.com\/wp-content\/uploads\/2019\/06\/zanasi-group-moder-car-body-shop-08.jpg')\" title=\"zanasi-group-moder-car-body-shop-08\" data-url=\"https:\/\/www.zanasigroup.com\/wp-content\/uploads\/2019\/06\/zanasi-group-moder-car-body-shop-08.jpg\" data-width=\"1200\" data-height=\"666\">\n\t\t\t\t\t\t<img decoding=\"async\" src=\"https:\/\/www.zanasigroup.com\/wp-content\/uploads\/2019\/06\/zanasi-group-moder-car-body-shop-08.jpg\" alt=\"\" title=\"zanasi-group-moder-car-body-shop-08\" \/>\n\t\t\t\t\t<\/div>\n\t\t\t\t\t\n\t\t\t\t<\/div>\n\t\t\t<\/div><div class=\"gallery-item col-md-3 col-sm-6 \">\n\t\t\t\t<div class=\"br-element\">\n\t\t\t\t\t<div class='autosquare lightbox' data-delta=\"1\" style=\"background-image:url('https:\/\/www.zanasigroup.com\/wp-content\/uploads\/2019\/06\/zanasi-group-moder-car-body-shop-09.jpg')\" title=\"zanasi-group-moder-car-body-shop-09\" data-url=\"https:\/\/www.zanasigroup.com\/wp-content\/uploads\/2019\/06\/zanasi-group-moder-car-body-shop-09.jpg\" data-width=\"1200\" data-height=\"800\">\n\t\t\t\t\t\t<img decoding=\"async\" src=\"https:\/\/www.zanasigroup.com\/wp-content\/uploads\/2019\/06\/zanasi-group-moder-car-body-shop-09.jpg\" alt=\"\" title=\"zanasi-group-moder-car-body-shop-09\" \/>\n\t\t\t\t\t<\/div>\n\t\t\t\t\t\n\t\t\t\t<\/div>\n\t\t\t<\/div><div class=\"gallery-item col-md-3 col-sm-6 \">\n\t\t\t\t<div class=\"br-element\">\n\t\t\t\t\t<div class='autosquare lightbox' data-delta=\"1\" style=\"background-image:url('https:\/\/www.zanasigroup.com\/wp-content\/uploads\/2019\/06\/zanasi-group-moder-car-body-shop-10.jpg')\" title=\"zanasi-group-moder-car-body-shop-10\" data-url=\"https:\/\/www.zanasigroup.com\/wp-content\/uploads\/2019\/06\/zanasi-group-moder-car-body-shop-10.jpg\" data-width=\"1200\" data-height=\"800\">\n\t\t\t\t\t\t<img decoding=\"async\" src=\"https:\/\/www.zanasigroup.com\/wp-content\/uploads\/2019\/06\/zanasi-group-moder-car-body-shop-10.jpg\" alt=\"\" title=\"zanasi-group-moder-car-body-shop-10\" \/>\n\t\t\t\t\t<\/div>\n\t\t\t\t\t\n\t\t\t\t<\/div>\n\t\t\t<\/div><div class=\"gallery-item col-md-3 col-sm-6 \">\n\t\t\t\t<div class=\"br-element\">\n\t\t\t\t\t<div class='autosquare lightbox' data-delta=\"1\" style=\"background-image:url('https:\/\/www.zanasigroup.com\/wp-content\/uploads\/2019\/06\/zanasi-group-moder-car-body-shop-11.jpg')\" title=\"zanasi-group-moder-car-body-shop-11\" data-url=\"https:\/\/www.zanasigroup.com\/wp-content\/uploads\/2019\/06\/zanasi-group-moder-car-body-shop-11.jpg\" data-width=\"1200\" data-height=\"800\">\n\t\t\t\t\t\t<img decoding=\"async\" src=\"https:\/\/www.zanasigroup.com\/wp-content\/uploads\/2019\/06\/zanasi-group-moder-car-body-shop-11.jpg\" alt=\"\" title=\"zanasi-group-moder-car-body-shop-11\" \/>\n\t\t\t\t\t<\/div>\n\t\t\t\t\t\n\t\t\t\t<\/div>\n\t\t\t<\/div><div class=\"gallery-item col-md-3 col-sm-6 \">\n\t\t\t\t<div class=\"br-element\">\n\t\t\t\t\t<div class='autosquare lightbox' data-delta=\"1\" style=\"background-image:url('https:\/\/www.zanasigroup.com\/wp-content\/uploads\/2019\/06\/zanasi-group-moder-car-body-shop-12.jpg')\" title=\"zanasi-group-moder-car-body-shop-12\" data-url=\"https:\/\/www.zanasigroup.com\/wp-content\/uploads\/2019\/06\/zanasi-group-moder-car-body-shop-12.jpg\" data-width=\"1200\" data-height=\"800\">\n\t\t\t\t\t\t<img decoding=\"async\" src=\"https:\/\/www.zanasigroup.com\/wp-content\/uploads\/2019\/06\/zanasi-group-moder-car-body-shop-12.jpg\" alt=\"\" title=\"zanasi-group-moder-car-body-shop-12\" \/>\n\t\t\t\t\t<\/div>\n\t\t\t\t\t\n\t\t\t\t<\/div>\n\t\t\t<\/div><div class=\"gallery-item col-md-3 col-sm-6 \">\n\t\t\t\t<div class=\"br-element\">\n\t\t\t\t\t<div class='autosquare lightbox' data-delta=\"1\" style=\"background-image:url('https:\/\/www.zanasigroup.com\/wp-content\/uploads\/2019\/06\/zanasi-group-moder-car-body-shop-13.jpg')\" title=\"zanasi-group-moder-car-body-shop-13\" data-url=\"https:\/\/www.zanasigroup.com\/wp-content\/uploads\/2019\/06\/zanasi-group-moder-car-body-shop-13.jpg\" data-width=\"1200\" data-height=\"800\">\n\t\t\t\t\t\t<img decoding=\"async\" src=\"https:\/\/www.zanasigroup.com\/wp-content\/uploads\/2019\/06\/zanasi-group-moder-car-body-shop-13.jpg\" alt=\"\" title=\"zanasi-group-moder-car-body-shop-13\" \/>\n\t\t\t\t\t<\/div>\n\t\t\t\t\t\n\t\t\t\t<\/div>\n\t\t\t<\/div><div class=\"gallery-item col-md-3 col-sm-6 \">\n\t\t\t\t<div class=\"br-element\">\n\t\t\t\t\t<div class='autosquare lightbox' data-delta=\"1\" style=\"background-image:url('https:\/\/www.zanasigroup.com\/wp-content\/uploads\/2019\/06\/zanasi-group-moder-car-body-shop-14.jpg')\" title=\"zanasi-group-moder-car-body-shop-14\" data-url=\"https:\/\/www.zanasigroup.com\/wp-content\/uploads\/2019\/06\/zanasi-group-moder-car-body-shop-14.jpg\" data-width=\"1200\" data-height=\"800\">\n\t\t\t\t\t\t<img decoding=\"async\" src=\"https:\/\/www.zanasigroup.com\/wp-content\/uploads\/2019\/06\/zanasi-group-moder-car-body-shop-14.jpg\" alt=\"\" title=\"zanasi-group-moder-car-body-shop-14\" \/>\n\t\t\t\t\t<\/div>\n\t\t\t\t\t\n\t\t\t\t<\/div>\n\t\t\t<\/div><div class=\"gallery-item col-md-3 col-sm-6 \">\n\t\t\t\t<div class=\"br-element\">\n\t\t\t\t\t<div class='autosquare lightbox' data-delta=\"1\" style=\"background-image:url('https:\/\/www.zanasigroup.com\/wp-content\/uploads\/2019\/06\/zanasi-group-moder-car-body-shop-15.jpg')\" title=\"zanasi-group-moder-car-body-shop-15\" data-url=\"https:\/\/www.zanasigroup.com\/wp-content\/uploads\/2019\/06\/zanasi-group-moder-car-body-shop-15.jpg\" data-width=\"1200\" data-height=\"800\">\n\t\t\t\t\t\t<img decoding=\"async\" src=\"https:\/\/www.zanasigroup.com\/wp-content\/uploads\/2019\/06\/zanasi-group-moder-car-body-shop-15.jpg\" alt=\"\" title=\"zanasi-group-moder-car-body-shop-15\" \/>\n\t\t\t\t\t<\/div>\n\t\t\t\t\t\n\t\t\t\t<\/div>\n\t\t\t<\/div><div class=\"gallery-item col-md-3 col-sm-6 \">\n\t\t\t\t<div class=\"br-element\">\n\t\t\t\t\t<div class='autosquare lightbox' data-delta=\"1\" style=\"background-image:url('https:\/\/www.zanasigroup.com\/wp-content\/uploads\/2019\/06\/zanasi-group-moder-car-body-shop-16.jpg')\" title=\"zanasi-group-moder-car-body-shop-16\" data-url=\"https:\/\/www.zanasigroup.com\/wp-content\/uploads\/2019\/06\/zanasi-group-moder-car-body-shop-16.jpg\" data-width=\"1200\" data-height=\"800\">\n\t\t\t\t\t\t<img decoding=\"async\" src=\"https:\/\/www.zanasigroup.com\/wp-content\/uploads\/2019\/06\/zanasi-group-moder-car-body-shop-16.jpg\" alt=\"\" title=\"zanasi-group-moder-car-body-shop-16\" \/>\n\t\t\t\t\t<\/div>\n\t\t\t\t\t\n\t\t\t\t<\/div>\n\t\t\t<\/div><div class=\"gallery-item col-md-3 col-sm-6 \">\n\t\t\t\t<div class=\"br-element\">\n\t\t\t\t\t<div class='autosquare lightbox' data-delta=\"1\" style=\"background-image:url('https:\/\/www.zanasigroup.com\/wp-content\/uploads\/2019\/06\/zanasi-group-moder-car-body-shop-17.jpg')\" title=\"zanasi-group-moder-car-body-shop-17\" data-url=\"https:\/\/www.zanasigroup.com\/wp-content\/uploads\/2019\/06\/zanasi-group-moder-car-body-shop-17.jpg\" data-width=\"1200\" data-height=\"717\">\n\t\t\t\t\t\t<img decoding=\"async\" src=\"https:\/\/www.zanasigroup.com\/wp-content\/uploads\/2019\/06\/zanasi-group-moder-car-body-shop-17.jpg\" alt=\"\" title=\"zanasi-group-moder-car-body-shop-17\" \/>\n\t\t\t\t\t<\/div>\n\t\t\t\t\t\n\t\t\t\t<\/div>\n\t\t\t<\/div><div class=\"gallery-item col-md-3 col-sm-6 \">\n\t\t\t\t<div class=\"br-element\">\n\t\t\t\t\t<div class='autosquare lightbox' data-delta=\"1\" style=\"background-image:url('https:\/\/www.zanasigroup.com\/wp-content\/uploads\/2019\/06\/zanasi-group-moder-car-body-shop-18.jpg')\" title=\"zanasi-group-moder-car-body-shop-18\" data-url=\"https:\/\/www.zanasigroup.com\/wp-content\/uploads\/2019\/06\/zanasi-group-moder-car-body-shop-18.jpg\" data-width=\"1200\" data-height=\"759\">\n\t\t\t\t\t\t<img decoding=\"async\" src=\"https:\/\/www.zanasigroup.com\/wp-content\/uploads\/2019\/06\/zanasi-group-moder-car-body-shop-18.jpg\" alt=\"\" title=\"zanasi-group-moder-car-body-shop-18\" \/>\n\t\t\t\t\t<\/div>\n\t\t\t\t\t\n\t\t\t\t<\/div>\n\t\t\t<\/div><div class=\"gallery-item col-md-3 col-sm-6 \">\n\t\t\t\t<div class=\"br-element\">\n\t\t\t\t\t<div class='autosquare lightbox' data-delta=\"1\" style=\"background-image:url('https:\/\/www.zanasigroup.com\/wp-content\/uploads\/2019\/06\/zanasi-group-moder-car-body-shop-19.jpg')\" title=\"zanasi-group-moder-car-body-shop-19\" data-url=\"https:\/\/www.zanasigroup.com\/wp-content\/uploads\/2019\/06\/zanasi-group-moder-car-body-shop-19.jpg\" data-width=\"1200\" data-height=\"760\">\n\t\t\t\t\t\t<img decoding=\"async\" src=\"https:\/\/www.zanasigroup.com\/wp-content\/uploads\/2019\/06\/zanasi-group-moder-car-body-shop-19.jpg\" alt=\"\" title=\"zanasi-group-moder-car-body-shop-19\" \/>\n\t\t\t\t\t<\/div>\n\t\t\t\t\t\n\t\t\t\t<\/div>\n\t\t\t<\/div><div class=\"gallery-item col-md-3 col-sm-6 \">\n\t\t\t\t<div class=\"br-element\">\n\t\t\t\t\t<div class='autosquare lightbox' data-delta=\"1\" style=\"background-image:url('https:\/\/www.zanasigroup.com\/wp-content\/uploads\/2019\/06\/zanasi-group-moder-car-body-shop-02.jpg')\" title=\"zanasi-group-moder-car-body-shop-02\" data-url=\"https:\/\/www.zanasigroup.com\/wp-content\/uploads\/2019\/06\/zanasi-group-moder-car-body-shop-02.jpg\" data-width=\"1200\" data-height=\"800\">\n\t\t\t\t\t\t<img decoding=\"async\" src=\"https:\/\/www.zanasigroup.com\/wp-content\/uploads\/2019\/06\/zanasi-group-moder-car-body-shop-02.jpg\" alt=\"\" title=\"zanasi-group-moder-car-body-shop-02\" \/>\n\t\t\t\t\t<\/div>\n\t\t\t\t\t\n\t\t\t\t<\/div>\n\t\t\t<\/div><div class=\"gallery-item col-md-3 col-sm-6 \">\n\t\t\t\t<div class=\"br-element\">\n\t\t\t\t\t<div class='autosquare lightbox' data-delta=\"1\" style=\"background-image:url('https:\/\/www.zanasigroup.com\/wp-content\/uploads\/2019\/06\/zanasi-group-moder-car-body-shop-20.jpg')\" title=\"zanasi-group-moder-car-body-shop-20\" data-url=\"https:\/\/www.zanasigroup.com\/wp-content\/uploads\/2019\/06\/zanasi-group-moder-car-body-shop-20.jpg\" data-width=\"1200\" data-height=\"705\">\n\t\t\t\t\t\t<img decoding=\"async\" src=\"https:\/\/www.zanasigroup.com\/wp-content\/uploads\/2019\/06\/zanasi-group-moder-car-body-shop-20.jpg\" alt=\"\" title=\"zanasi-group-moder-car-body-shop-20\" \/>\n\t\t\t\t\t<\/div>\n\t\t\t\t\t\n\t\t\t\t<\/div>\n\t\t\t<\/div><\/div><\/section>\n","protected":false},"excerpt":{"rendered":"<p>La piena soddisfazione del cliente \u00e8 il nostro obiettivo principale: l&#8217;unico limite \u00e8 la tua immaginazione La denominazione Ferrari Service \u00e8 nota come sinonimo di qualit\u00e0 e professionalit\u00e0, ma questo non limita la nostra esperienza solo alle vetture di Maranello. La Carrozzeria Zanasi offre due tipologie di servizi per auto moderne, entrambi focalizzati alla completa [&hellip;]<\/p>\n","protected":false},"author":1,"featured_media":0,"parent":0,"menu_order":0,"comment_status":"closed","ping_status":"closed","template":"","meta":{"_acf_changed":false,"footnotes":""},"class_list":["post-7205","page","type-page","status-publish","hentry"],"acf":[],"yoast_head":"<!-- This site is optimized with the Yoast SEO plugin v27.6 - https:\/\/yoast.com\/product\/yoast-seo-wordpress\/ -->\n<title>Servizio auto moderne | Carrozzeria Zanasi - Maranello<\/title>\n<meta name=\"description\" content=\"Piena soddisfazione del cliente: carrozzerie auto di fascia alta, verniciatura auto e restauro auto. Servizi di auto moderne Ferrari, Maserati, Lamborghini.\" \/>\n<meta name=\"robots\" content=\"index, follow, max-snippet:-1, max-image-preview:large, max-video-preview:-1\" \/>\n<link rel=\"canonical\" href=\"https:\/\/www.zanasigroup.com\/it\/servizio-auto-moderne\/\" \/>\n<meta property=\"og:locale\" content=\"it_IT\" \/>\n<meta property=\"og:type\" content=\"article\" \/>\n<meta property=\"og:title\" content=\"Servizio auto moderne | Carrozzeria Zanasi - Maranello\" \/>\n<meta property=\"og:description\" content=\"Piena soddisfazione del cliente: carrozzerie auto di fascia alta, verniciatura auto e restauro auto. Servizi di auto moderne Ferrari, Maserati, Lamborghini.\" \/>\n<meta property=\"og:url\" content=\"https:\/\/www.zanasigroup.com\/it\/servizio-auto-moderne\/\" \/>\n<meta property=\"og:site_name\" content=\"Zanasi Group\" \/>\n<meta property=\"article:modified_time\" content=\"2020-11-18T17:47:55+00:00\" \/>\n<meta property=\"og:image\" content=\"https:\/\/www.zanasigroup.com\/wp-content\/uploads\/2019\/06\/zanasi-group-moder-car-body-shop-01.jpg\" \/>\n<meta name=\"twitter:card\" content=\"summary_large_image\" \/>\n<meta name=\"twitter:label1\" content=\"Tempo di lettura stimato\" \/>\n\t<meta name=\"twitter:data1\" content=\"1 minuto\" \/>\n<script type=\"application\/ld+json\" class=\"yoast-schema-graph\">{\"@context\":\"https:\\\/\\\/schema.org\",\"@graph\":[{\"@type\":\"WebPage\",\"@id\":\"https:\\\/\\\/www.zanasigroup.com\\\/it\\\/servizio-auto-moderne\\\/\",\"url\":\"https:\\\/\\\/www.zanasigroup.com\\\/it\\\/servizio-auto-moderne\\\/\",\"name\":\"Servizio auto moderne | Carrozzeria Zanasi - Maranello\",\"isPartOf\":{\"@id\":\"https:\\\/\\\/www.zanasigroup.com\\\/it\\\/#website\"},\"datePublished\":\"2016-06-13T16:40:27+00:00\",\"dateModified\":\"2020-11-18T17:47:55+00:00\",\"description\":\"Piena soddisfazione del cliente: carrozzerie auto di fascia alta, verniciatura auto e restauro auto. Servizi di auto moderne Ferrari, Maserati, Lamborghini.\",\"breadcrumb\":{\"@id\":\"https:\\\/\\\/www.zanasigroup.com\\\/it\\\/servizio-auto-moderne\\\/#breadcrumb\"},\"inLanguage\":\"it-IT\",\"potentialAction\":[{\"@type\":\"ReadAction\",\"target\":[\"https:\\\/\\\/www.zanasigroup.com\\\/it\\\/servizio-auto-moderne\\\/\"]}]},{\"@type\":\"BreadcrumbList\",\"@id\":\"https:\\\/\\\/www.zanasigroup.com\\\/it\\\/servizio-auto-moderne\\\/#breadcrumb\",\"itemListElement\":[{\"@type\":\"ListItem\",\"position\":1,\"name\":\"Home\",\"item\":\"https:\\\/\\\/www.zanasigroup.com\\\/it\\\/\"},{\"@type\":\"ListItem\",\"position\":2,\"name\":\"Servizio auto moderne\"}]},{\"@type\":\"WebSite\",\"@id\":\"https:\\\/\\\/www.zanasigroup.com\\\/it\\\/#website\",\"url\":\"https:\\\/\\\/www.zanasigroup.com\\\/it\\\/\",\"name\":\"Zanasi Group\",\"description\":\"The real Ferrari repair specialist - Body repair - Custom painting - Top quality standards\",\"potentialAction\":[{\"@type\":\"SearchAction\",\"target\":{\"@type\":\"EntryPoint\",\"urlTemplate\":\"https:\\\/\\\/www.zanasigroup.com\\\/it\\\/?s={search_term_string}\"},\"query-input\":{\"@type\":\"PropertyValueSpecification\",\"valueRequired\":true,\"valueName\":\"search_term_string\"}}],\"inLanguage\":\"it-IT\"}]}<\/script>\n<!-- \/ Yoast SEO plugin. -->","yoast_head_json":{"title":"Servizio auto moderne | Carrozzeria Zanasi - Maranello","description":"Piena soddisfazione del cliente: carrozzerie auto di fascia alta, verniciatura auto e restauro auto. Servizi di auto moderne Ferrari, Maserati, Lamborghini.","robots":{"index":"index","follow":"follow","max-snippet":"max-snippet:-1","max-image-preview":"max-image-preview:large","max-video-preview":"max-video-preview:-1"},"canonical":"https:\/\/www.zanasigroup.com\/it\/servizio-auto-moderne\/","og_locale":"it_IT","og_type":"article","og_title":"Servizio auto moderne | Carrozzeria Zanasi - Maranello","og_description":"Piena soddisfazione del cliente: carrozzerie auto di fascia alta, verniciatura auto e restauro auto. Servizi di auto moderne Ferrari, Maserati, Lamborghini.","og_url":"https:\/\/www.zanasigroup.com\/it\/servizio-auto-moderne\/","og_site_name":"Zanasi Group","article_modified_time":"2020-11-18T17:47:55+00:00","og_image":[{"url":"https:\/\/www.zanasigroup.com\/wp-content\/uploads\/2019\/06\/zanasi-group-moder-car-body-shop-01.jpg","type":"","width":"","height":""}],"twitter_card":"summary_large_image","twitter_misc":{"Tempo di lettura stimato":"1 minuto"},"schema":{"@context":"https:\/\/schema.org","@graph":[{"@type":"WebPage","@id":"https:\/\/www.zanasigroup.com\/it\/servizio-auto-moderne\/","url":"https:\/\/www.zanasigroup.com\/it\/servizio-auto-moderne\/","name":"Servizio auto moderne | Carrozzeria Zanasi - Maranello","isPartOf":{"@id":"https:\/\/www.zanasigroup.com\/it\/#website"},"datePublished":"2016-06-13T16:40:27+00:00","dateModified":"2020-11-18T17:47:55+00:00","description":"Piena soddisfazione del cliente: carrozzerie auto di fascia alta, verniciatura auto e restauro auto. Servizi di auto moderne Ferrari, Maserati, Lamborghini.","breadcrumb":{"@id":"https:\/\/www.zanasigroup.com\/it\/servizio-auto-moderne\/#breadcrumb"},"inLanguage":"it-IT","potentialAction":[{"@type":"ReadAction","target":["https:\/\/www.zanasigroup.com\/it\/servizio-auto-moderne\/"]}]},{"@type":"BreadcrumbList","@id":"https:\/\/www.zanasigroup.com\/it\/servizio-auto-moderne\/#breadcrumb","itemListElement":[{"@type":"ListItem","position":1,"name":"Home","item":"https:\/\/www.zanasigroup.com\/it\/"},{"@type":"ListItem","position":2,"name":"Servizio auto moderne"}]},{"@type":"WebSite","@id":"https:\/\/www.zanasigroup.com\/it\/#website","url":"https:\/\/www.zanasigroup.com\/it\/","name":"Zanasi Group","description":"The real Ferrari repair specialist - Body repair - Custom painting - Top quality standards","potentialAction":[{"@type":"SearchAction","target":{"@type":"EntryPoint","urlTemplate":"https:\/\/www.zanasigroup.com\/it\/?s={search_term_string}"},"query-input":{"@type":"PropertyValueSpecification","valueRequired":true,"valueName":"search_term_string"}}],"inLanguage":"it-IT"}]}},"_links":{"self":[{"href":"https:\/\/www.zanasigroup.com\/it\/wp-json\/wp\/v2\/pages\/7205","targetHints":{"allow":["GET"]}}],"collection":[{"href":"https:\/\/www.zanasigroup.com\/it\/wp-json\/wp\/v2\/pages"}],"about":[{"href":"https:\/\/www.zanasigroup.com\/it\/wp-json\/wp\/v2\/types\/page"}],"author":[{"embeddable":true,"href":"https:\/\/www.zanasigroup.com\/it\/wp-json\/wp\/v2\/users\/1"}],"replies":[{"embeddable":true,"href":"https:\/\/www.zanasigroup.com\/it\/wp-json\/wp\/v2\/comments?post=7205"}],"version-history":[{"count":1,"href":"https:\/\/www.zanasigroup.com\/it\/wp-json\/wp\/v2\/pages\/7205\/revisions"}],"predecessor-version":[{"id":7206,"href":"https:\/\/www.zanasigroup.com\/it\/wp-json\/wp\/v2\/pages\/7205\/revisions\/7206"}],"wp:attachment":[{"href":"https:\/\/www.zanasigroup.com\/it\/wp-json\/wp\/v2\/media?parent=7205"}],"curies":[{"name":"wp","href":"https:\/\/api.w.org\/{rel}","templated":true}]}}