{"id":7207,"date":"2019-02-28T19:05:45","date_gmt":"2019-02-28T18:05:45","guid":{"rendered":"https:\/\/www.zanasigroup.com\/zanasi-eco-robotic-painting\/"},"modified":"2019-02-28T19:05:45","modified_gmt":"2019-02-28T18:05:45","slug":"zanasi-eco-robotic-painting","status":"publish","type":"page","link":"https:\/\/www.zanasigroup.com\/it\/zanasi-eco-robotic-painting\/","title":{"rendered":"Zanasi Eco Robotic Painting"},"content":{"rendered":"<p>Il nostro ultimo investimento \u00e8 un impianto di verniciatura eco-robotica. Creato in collaborazione con <strong> D\u00fcrr <\/strong>, questo sistema di verniciatura robotizzato consente di risparmiare fino al 60% del normale consumo di energia ed \u00e8 personalizzato per soddisfare i nostri standard di qualit\u00e0.<\/p>\n\n\t\t\t<section class='br-grid' data-columns='4' data-items='17'>\n\t\t\t<div id='gallery-1' class='row'><div class=\"gallery-item col-md-3 col-sm-6 \">\n\t\t\t\t<div class=\"br-element\">\n\t\t\t\t\t<div class='autosquare lightbox' data-delta=\"1\" style=\"background-image:url('https:\/\/www.zanasigroup.com\/wp-content\/uploads\/2019\/06\/zanasi-eco-robotic-painting-wide.jpg')\" title=\"zanasi-eco-robotic-painting-wide\" data-url=\"https:\/\/www.zanasigroup.com\/wp-content\/uploads\/2019\/06\/zanasi-eco-robotic-painting-wide.jpg\" data-width=\"1920\" data-height=\"1080\">\n\t\t\t\t\t\t<img decoding=\"async\" src=\"https:\/\/www.zanasigroup.com\/wp-content\/uploads\/2019\/06\/zanasi-eco-robotic-painting-wide.jpg\" alt=\"\" title=\"zanasi-eco-robotic-painting-wide\" \/>\n\t\t\t\t\t<\/div>\n\t\t\t\t\t\n\t\t\t\t<\/div>\n\t\t\t<\/div><div class=\"gallery-item col-md-3 col-sm-6 \">\n\t\t\t\t<div class=\"br-element\">\n\t\t\t\t\t<div class='autosquare lightbox' data-delta=\"1\" style=\"background-image:url('https:\/\/www.zanasigroup.com\/wp-content\/uploads\/2019\/06\/zanasi-eco-robotic-painting-wide-2.jpg')\" title=\"zanasi-eco-robotic-painting-wide-2\" data-url=\"https:\/\/www.zanasigroup.com\/wp-content\/uploads\/2019\/06\/zanasi-eco-robotic-painting-wide-2.jpg\" data-width=\"1920\" data-height=\"1080\">\n\t\t\t\t\t\t<img decoding=\"async\" src=\"https:\/\/www.zanasigroup.com\/wp-content\/uploads\/2019\/06\/zanasi-eco-robotic-painting-wide-2.jpg\" alt=\"\" title=\"zanasi-eco-robotic-painting-wide-2\" \/>\n\t\t\t\t\t<\/div>\n\t\t\t\t\t\n\t\t\t\t<\/div>\n\t\t\t<\/div><div class=\"gallery-item col-md-3 col-sm-6 \">\n\t\t\t\t<div class=\"br-element\">\n\t\t\t\t\t<div class='autosquare lightbox' data-delta=\"1\" style=\"background-image:url('https:\/\/www.zanasigroup.com\/wp-content\/uploads\/2019\/06\/zanasi-eco-robotic-painting-wide-3.jpg')\" title=\"zanasi-eco-robotic-painting-wide-3\" data-url=\"https:\/\/www.zanasigroup.com\/wp-content\/uploads\/2019\/06\/zanasi-eco-robotic-painting-wide-3.jpg\" data-width=\"1920\" data-height=\"1080\">\n\t\t\t\t\t\t<img decoding=\"async\" src=\"https:\/\/www.zanasigroup.com\/wp-content\/uploads\/2019\/06\/zanasi-eco-robotic-painting-wide-3.jpg\" alt=\"\" title=\"zanasi-eco-robotic-painting-wide-3\" \/>\n\t\t\t\t\t<\/div>\n\t\t\t\t\t\n\t\t\t\t<\/div>\n\t\t\t<\/div><div class=\"gallery-item col-md-3 col-sm-6 \">\n\t\t\t\t<div class=\"br-element\">\n\t\t\t\t\t<div class='autosquare lightbox' data-delta=\"1\" style=\"background-image:url('https:\/\/www.zanasigroup.com\/wp-content\/uploads\/2019\/06\/zanasi-eco-robotic-painting-wide-4.jpg')\" title=\"zanasi-eco-robotic-painting-wide-4\" data-url=\"https:\/\/www.zanasigroup.com\/wp-content\/uploads\/2019\/06\/zanasi-eco-robotic-painting-wide-4.jpg\" data-width=\"1920\" data-height=\"1080\">\n\t\t\t\t\t\t<img decoding=\"async\" src=\"https:\/\/www.zanasigroup.com\/wp-content\/uploads\/2019\/06\/zanasi-eco-robotic-painting-wide-4.jpg\" alt=\"\" title=\"zanasi-eco-robotic-painting-wide-4\" \/>\n\t\t\t\t\t<\/div>\n\t\t\t\t\t\n\t\t\t\t<\/div>\n\t\t\t<\/div><div class=\"gallery-item col-md-3 col-sm-6 \">\n\t\t\t\t<div class=\"br-element\">\n\t\t\t\t\t<div class='autosquare lightbox' data-delta=\"1\" style=\"background-image:url('https:\/\/www.zanasigroup.com\/wp-content\/uploads\/2019\/06\/zanasi-eco-robotic-painting-wide-5.jpg')\" title=\"zanasi-eco-robotic-painting-wide-5\" data-url=\"https:\/\/www.zanasigroup.com\/wp-content\/uploads\/2019\/06\/zanasi-eco-robotic-painting-wide-5.jpg\" data-width=\"1920\" data-height=\"1080\">\n\t\t\t\t\t\t<img decoding=\"async\" src=\"https:\/\/www.zanasigroup.com\/wp-content\/uploads\/2019\/06\/zanasi-eco-robotic-painting-wide-5.jpg\" alt=\"\" title=\"zanasi-eco-robotic-painting-wide-5\" \/>\n\t\t\t\t\t<\/div>\n\t\t\t\t\t\n\t\t\t\t<\/div>\n\t\t\t<\/div><div class=\"gallery-item col-md-3 col-sm-6 \">\n\t\t\t\t<div class=\"br-element\">\n\t\t\t\t\t<div class='autosquare lightbox' data-delta=\"1\" style=\"background-image:url('https:\/\/www.zanasigroup.com\/wp-content\/uploads\/2019\/06\/zanasi-car-eco-robotic-painting-03.jpg')\" title=\"zanasi-car-eco-robotic-painting-03\" data-url=\"https:\/\/www.zanasigroup.com\/wp-content\/uploads\/2019\/06\/zanasi-car-eco-robotic-painting-03.jpg\" data-width=\"1200\" data-height=\"800\">\n\t\t\t\t\t\t<img decoding=\"async\" src=\"https:\/\/www.zanasigroup.com\/wp-content\/uploads\/2019\/06\/zanasi-car-eco-robotic-painting-03.jpg\" alt=\"\" title=\"zanasi-car-eco-robotic-painting-03\" \/>\n\t\t\t\t\t<\/div>\n\t\t\t\t\t\n\t\t\t\t<\/div>\n\t\t\t<\/div><div class=\"gallery-item col-md-3 col-sm-6 \">\n\t\t\t\t<div class=\"br-element\">\n\t\t\t\t\t<div class='autosquare lightbox' data-delta=\"1\" style=\"background-image:url('https:\/\/www.zanasigroup.com\/wp-content\/uploads\/2019\/06\/zanasi-car-eco-robotic-painting-04.jpg')\" title=\"zanasi-car-eco-robotic-painting-04\" data-url=\"https:\/\/www.zanasigroup.com\/wp-content\/uploads\/2019\/06\/zanasi-car-eco-robotic-painting-04.jpg\" data-width=\"800\" data-height=\"1200\">\n\t\t\t\t\t\t<img decoding=\"async\" src=\"https:\/\/www.zanasigroup.com\/wp-content\/uploads\/2019\/06\/zanasi-car-eco-robotic-painting-04.jpg\" alt=\"\" title=\"zanasi-car-eco-robotic-painting-04\" \/>\n\t\t\t\t\t<\/div>\n\t\t\t\t\t\n\t\t\t\t<\/div>\n\t\t\t<\/div><div class=\"gallery-item col-md-3 col-sm-6 \">\n\t\t\t\t<div class=\"br-element\">\n\t\t\t\t\t<div class='autosquare lightbox' data-delta=\"1\" style=\"background-image:url('https:\/\/www.zanasigroup.com\/wp-content\/uploads\/2019\/06\/zanasi-car-eco-robotic-painting-05.jpg')\" title=\"zanasi-car-eco-robotic-painting-05\" data-url=\"https:\/\/www.zanasigroup.com\/wp-content\/uploads\/2019\/06\/zanasi-car-eco-robotic-painting-05.jpg\" data-width=\"1200\" data-height=\"800\">\n\t\t\t\t\t\t<img decoding=\"async\" src=\"https:\/\/www.zanasigroup.com\/wp-content\/uploads\/2019\/06\/zanasi-car-eco-robotic-painting-05.jpg\" alt=\"\" title=\"zanasi-car-eco-robotic-painting-05\" \/>\n\t\t\t\t\t<\/div>\n\t\t\t\t\t\n\t\t\t\t<\/div>\n\t\t\t<\/div><div class=\"gallery-item col-md-3 col-sm-6 \">\n\t\t\t\t<div class=\"br-element\">\n\t\t\t\t\t<div class='autosquare lightbox' data-delta=\"1\" style=\"background-image:url('https:\/\/www.zanasigroup.com\/wp-content\/uploads\/2019\/06\/zanasi-car-eco-robotic-painting-07.jpg')\" title=\"zanasi-car-eco-robotic-painting-07\" data-url=\"https:\/\/www.zanasigroup.com\/wp-content\/uploads\/2019\/06\/zanasi-car-eco-robotic-painting-07.jpg\" data-width=\"1200\" data-height=\"716\">\n\t\t\t\t\t\t<img decoding=\"async\" src=\"https:\/\/www.zanasigroup.com\/wp-content\/uploads\/2019\/06\/zanasi-car-eco-robotic-painting-07.jpg\" alt=\"\" title=\"zanasi-car-eco-robotic-painting-07\" \/>\n\t\t\t\t\t<\/div>\n\t\t\t\t\t\n\t\t\t\t<\/div>\n\t\t\t<\/div><div class=\"gallery-item col-md-3 col-sm-6 \">\n\t\t\t\t<div class=\"br-element\">\n\t\t\t\t\t<div class='autosquare lightbox' data-delta=\"1\" style=\"background-image:url('https:\/\/www.zanasigroup.com\/wp-content\/uploads\/2019\/06\/zanasi-car-eco-robotic-painting-08.jpg')\" title=\"zanasi-car-eco-robotic-painting-08\" data-url=\"https:\/\/www.zanasigroup.com\/wp-content\/uploads\/2019\/06\/zanasi-car-eco-robotic-painting-08.jpg\" data-width=\"1200\" data-height=\"800\">\n\t\t\t\t\t\t<img decoding=\"async\" src=\"https:\/\/www.zanasigroup.com\/wp-content\/uploads\/2019\/06\/zanasi-car-eco-robotic-painting-08.jpg\" alt=\"\" title=\"zanasi-car-eco-robotic-painting-08\" \/>\n\t\t\t\t\t<\/div>\n\t\t\t\t\t\n\t\t\t\t<\/div>\n\t\t\t<\/div><div class=\"gallery-item col-md-3 col-sm-6 \">\n\t\t\t\t<div class=\"br-element\">\n\t\t\t\t\t<div class='autosquare lightbox' data-delta=\"1\" style=\"background-image:url('https:\/\/www.zanasigroup.com\/wp-content\/uploads\/2019\/06\/zanasi-car-eco-robotic-painting-10.jpg')\" title=\"zanasi-car-eco-robotic-painting-10\" data-url=\"https:\/\/www.zanasigroup.com\/wp-content\/uploads\/2019\/06\/zanasi-car-eco-robotic-painting-10.jpg\" data-width=\"1200\" data-height=\"800\">\n\t\t\t\t\t\t<img decoding=\"async\" src=\"https:\/\/www.zanasigroup.com\/wp-content\/uploads\/2019\/06\/zanasi-car-eco-robotic-painting-10.jpg\" alt=\"\" title=\"zanasi-car-eco-robotic-painting-10\" \/>\n\t\t\t\t\t<\/div>\n\t\t\t\t\t\n\t\t\t\t<\/div>\n\t\t\t<\/div><div class=\"gallery-item col-md-3 col-sm-6 \">\n\t\t\t\t<div class=\"br-element\">\n\t\t\t\t\t<div class='autosquare lightbox' data-delta=\"1\" style=\"background-image:url('https:\/\/www.zanasigroup.com\/wp-content\/uploads\/2019\/06\/zanasi-car-eco-robotic-painting-12.jpg')\" title=\"zanasi-car-eco-robotic-painting-12\" data-url=\"https:\/\/www.zanasigroup.com\/wp-content\/uploads\/2019\/06\/zanasi-car-eco-robotic-painting-12.jpg\" data-width=\"1200\" data-height=\"800\">\n\t\t\t\t\t\t<img decoding=\"async\" src=\"https:\/\/www.zanasigroup.com\/wp-content\/uploads\/2019\/06\/zanasi-car-eco-robotic-painting-12.jpg\" alt=\"\" title=\"zanasi-car-eco-robotic-painting-12\" \/>\n\t\t\t\t\t<\/div>\n\t\t\t\t\t\n\t\t\t\t<\/div>\n\t\t\t<\/div><div class=\"gallery-item col-md-3 col-sm-6 \">\n\t\t\t\t<div class=\"br-element\">\n\t\t\t\t\t<div class='autosquare lightbox' data-delta=\"1\" style=\"background-image:url('https:\/\/www.zanasigroup.com\/wp-content\/uploads\/2019\/06\/zanasi-car-eco-robotic-painting-19.jpg')\" title=\"zanasi-car-eco-robotic-painting-19\" data-url=\"https:\/\/www.zanasigroup.com\/wp-content\/uploads\/2019\/06\/zanasi-car-eco-robotic-painting-19.jpg\" data-width=\"800\" data-height=\"1200\">\n\t\t\t\t\t\t<img decoding=\"async\" src=\"https:\/\/www.zanasigroup.com\/wp-content\/uploads\/2019\/06\/zanasi-car-eco-robotic-painting-19.jpg\" alt=\"\" title=\"zanasi-car-eco-robotic-painting-19\" \/>\n\t\t\t\t\t<\/div>\n\t\t\t\t\t\n\t\t\t\t<\/div>\n\t\t\t<\/div><div class=\"gallery-item col-md-3 col-sm-6 \">\n\t\t\t\t<div class=\"br-element\">\n\t\t\t\t\t<div class='autosquare lightbox' data-delta=\"1\" style=\"background-image:url('https:\/\/www.zanasigroup.com\/wp-content\/uploads\/2019\/06\/zanasi-car-eco-robotic-painting-20.jpg')\" title=\"zanasi-car-eco-robotic-painting-20\" data-url=\"https:\/\/www.zanasigroup.com\/wp-content\/uploads\/2019\/06\/zanasi-car-eco-robotic-painting-20.jpg\" data-width=\"1200\" data-height=\"800\">\n\t\t\t\t\t\t<img decoding=\"async\" src=\"https:\/\/www.zanasigroup.com\/wp-content\/uploads\/2019\/06\/zanasi-car-eco-robotic-painting-20.jpg\" alt=\"\" title=\"zanasi-car-eco-robotic-painting-20\" \/>\n\t\t\t\t\t<\/div>\n\t\t\t\t\t\n\t\t\t\t<\/div>\n\t\t\t<\/div><div class=\"gallery-item col-md-3 col-sm-6 \">\n\t\t\t\t<div class=\"br-element\">\n\t\t\t\t\t<div class='autosquare lightbox' data-delta=\"1\" style=\"background-image:url('https:\/\/www.zanasigroup.com\/wp-content\/uploads\/2019\/06\/zanasi-car-eco-robotic-painting-26.jpg')\" title=\"zanasi-car-eco-robotic-painting-26\" data-url=\"https:\/\/www.zanasigroup.com\/wp-content\/uploads\/2019\/06\/zanasi-car-eco-robotic-painting-26.jpg\" data-width=\"1200\" data-height=\"800\">\n\t\t\t\t\t\t<img decoding=\"async\" src=\"https:\/\/www.zanasigroup.com\/wp-content\/uploads\/2019\/06\/zanasi-car-eco-robotic-painting-26.jpg\" alt=\"\" title=\"zanasi-car-eco-robotic-painting-26\" \/>\n\t\t\t\t\t<\/div>\n\t\t\t\t\t\n\t\t\t\t<\/div>\n\t\t\t<\/div><div class=\"gallery-item col-md-3 col-sm-6 \">\n\t\t\t\t<div class=\"br-element\">\n\t\t\t\t\t<div class='autosquare lightbox' data-delta=\"1\" style=\"background-image:url('https:\/\/www.zanasigroup.com\/wp-content\/uploads\/2019\/06\/zanasi-car-eco-robotic-painting-43.jpg')\" title=\"zanasi-car-eco-robotic-painting-43\" data-url=\"https:\/\/www.zanasigroup.com\/wp-content\/uploads\/2019\/06\/zanasi-car-eco-robotic-painting-43.jpg\" data-width=\"1200\" data-height=\"800\">\n\t\t\t\t\t\t<img decoding=\"async\" src=\"https:\/\/www.zanasigroup.com\/wp-content\/uploads\/2019\/06\/zanasi-car-eco-robotic-painting-43.jpg\" alt=\"\" title=\"zanasi-car-eco-robotic-painting-43\" \/>\n\t\t\t\t\t<\/div>\n\t\t\t\t\t\n\t\t\t\t<\/div>\n\t\t\t<\/div><div class=\"gallery-item col-md-3 col-sm-6 \">\n\t\t\t\t<div class=\"br-element\">\n\t\t\t\t\t<div class='autosquare lightbox' data-delta=\"1\" style=\"background-image:url('https:\/\/www.zanasigroup.com\/wp-content\/uploads\/2019\/06\/zanasi-car-eco-robotic-painting-50.jpg')\" title=\"zanasi-car-eco-robotic-painting-50\" data-url=\"https:\/\/www.zanasigroup.com\/wp-content\/uploads\/2019\/06\/zanasi-car-eco-robotic-painting-50.jpg\" data-width=\"1200\" data-height=\"800\">\n\t\t\t\t\t\t<img decoding=\"async\" src=\"https:\/\/www.zanasigroup.com\/wp-content\/uploads\/2019\/06\/zanasi-car-eco-robotic-painting-50.jpg\" alt=\"\" title=\"zanasi-car-eco-robotic-painting-50\" \/>\n\t\t\t\t\t<\/div>\n\t\t\t\t\t\n\t\t\t\t<\/div>\n\t\t\t<\/div><\/div><\/section>\n","protected":false},"excerpt":{"rendered":"<p>Il nostro ultimo investimento \u00e8 un impianto di verniciatura eco-robotica. Creato in collaborazione con D\u00fcrr , questo sistema di verniciatura robotizzato consente di risparmiare fino al 60% del normale consumo di energia ed \u00e8 personalizzato per soddisfare i nostri standard di qualit\u00e0.<\/p>\n","protected":false},"author":1,"featured_media":0,"parent":0,"menu_order":0,"comment_status":"closed","ping_status":"closed","template":"","meta":{"_acf_changed":false,"footnotes":""},"class_list":["post-7207","page","type-page","status-publish","hentry"],"acf":[],"yoast_head":"<!-- This site is optimized with the Yoast SEO plugin v27.4 - https:\/\/yoast.com\/product\/yoast-seo-wordpress\/ -->\n<title>Zanasi Eco Robotic Painting | Carrozzeria Zanasi - Zanasi Group<\/title>\n<meta name=\"description\" content=\"Il nostro ultimo investimento \u00e8 un impianto di verniciatura eco-robotica D\u00fcrr. Questo sistema di verniciatura robotizzato consente di risparmiare fino al 60% del normale consumo di energia.\" \/>\n<meta name=\"robots\" content=\"index, follow, max-snippet:-1, max-image-preview:large, max-video-preview:-1\" \/>\n<link rel=\"canonical\" href=\"https:\/\/www.zanasigroup.com\/it\/zanasi-eco-robotic-painting\/\" \/>\n<meta property=\"og:locale\" content=\"it_IT\" \/>\n<meta property=\"og:type\" content=\"article\" \/>\n<meta property=\"og:title\" content=\"Zanasi Eco Robotic Painting | Carrozzeria Zanasi - Zanasi Group\" \/>\n<meta property=\"og:description\" content=\"Il nostro ultimo investimento \u00e8 un impianto di verniciatura eco-robotica D\u00fcrr. Questo sistema di verniciatura robotizzato consente di risparmiare fino al 60% del normale consumo di energia.\" \/>\n<meta property=\"og:url\" content=\"https:\/\/www.zanasigroup.com\/it\/zanasi-eco-robotic-painting\/\" \/>\n<meta property=\"og:site_name\" content=\"Zanasi Group\" \/>\n<meta property=\"og:image\" content=\"https:\/\/www.zanasigroup.com\/wp-content\/uploads\/2019\/06\/zanasi-eco-robotic-painting-wide.jpg\" \/>\n<meta name=\"twitter:card\" content=\"summary_large_image\" \/>\n<script type=\"application\/ld+json\" class=\"yoast-schema-graph\">{\"@context\":\"https:\\\/\\\/schema.org\",\"@graph\":[{\"@type\":\"WebPage\",\"@id\":\"https:\\\/\\\/www.zanasigroup.com\\\/it\\\/zanasi-eco-robotic-painting\\\/\",\"url\":\"https:\\\/\\\/www.zanasigroup.com\\\/it\\\/zanasi-eco-robotic-painting\\\/\",\"name\":\"Zanasi Eco Robotic Painting | Carrozzeria Zanasi - Zanasi Group\",\"isPartOf\":{\"@id\":\"https:\\\/\\\/www.zanasigroup.com\\\/it\\\/#website\"},\"datePublished\":\"2019-02-28T18:05:45+00:00\",\"description\":\"Il nostro ultimo investimento \u00e8 un impianto di verniciatura eco-robotica D\u00fcrr. Questo sistema di verniciatura robotizzato consente di risparmiare fino al 60% del normale consumo di energia.\",\"breadcrumb\":{\"@id\":\"https:\\\/\\\/www.zanasigroup.com\\\/it\\\/zanasi-eco-robotic-painting\\\/#breadcrumb\"},\"inLanguage\":\"it-IT\",\"potentialAction\":[{\"@type\":\"ReadAction\",\"target\":[\"https:\\\/\\\/www.zanasigroup.com\\\/it\\\/zanasi-eco-robotic-painting\\\/\"]}]},{\"@type\":\"BreadcrumbList\",\"@id\":\"https:\\\/\\\/www.zanasigroup.com\\\/it\\\/zanasi-eco-robotic-painting\\\/#breadcrumb\",\"itemListElement\":[{\"@type\":\"ListItem\",\"position\":1,\"name\":\"Home\",\"item\":\"https:\\\/\\\/www.zanasigroup.com\\\/it\\\/\"},{\"@type\":\"ListItem\",\"position\":2,\"name\":\"Zanasi Eco Robotic Painting\"}]},{\"@type\":\"WebSite\",\"@id\":\"https:\\\/\\\/www.zanasigroup.com\\\/it\\\/#website\",\"url\":\"https:\\\/\\\/www.zanasigroup.com\\\/it\\\/\",\"name\":\"Zanasi Group\",\"description\":\"The real Ferrari repair specialist - Body repair - Custom painting - Top quality standards\",\"potentialAction\":[{\"@type\":\"SearchAction\",\"target\":{\"@type\":\"EntryPoint\",\"urlTemplate\":\"https:\\\/\\\/www.zanasigroup.com\\\/it\\\/?s={search_term_string}\"},\"query-input\":{\"@type\":\"PropertyValueSpecification\",\"valueRequired\":true,\"valueName\":\"search_term_string\"}}],\"inLanguage\":\"it-IT\"}]}<\/script>\n<!-- \/ Yoast SEO plugin. -->","yoast_head_json":{"title":"Zanasi Eco Robotic Painting | Carrozzeria Zanasi - Zanasi Group","description":"Il nostro ultimo investimento \u00e8 un impianto di verniciatura eco-robotica D\u00fcrr. Questo sistema di verniciatura robotizzato consente di risparmiare fino al 60% del normale consumo di energia.","robots":{"index":"index","follow":"follow","max-snippet":"max-snippet:-1","max-image-preview":"max-image-preview:large","max-video-preview":"max-video-preview:-1"},"canonical":"https:\/\/www.zanasigroup.com\/it\/zanasi-eco-robotic-painting\/","og_locale":"it_IT","og_type":"article","og_title":"Zanasi Eco Robotic Painting | Carrozzeria Zanasi - Zanasi Group","og_description":"Il nostro ultimo investimento \u00e8 un impianto di verniciatura eco-robotica D\u00fcrr. Questo sistema di verniciatura robotizzato consente di risparmiare fino al 60% del normale consumo di energia.","og_url":"https:\/\/www.zanasigroup.com\/it\/zanasi-eco-robotic-painting\/","og_site_name":"Zanasi Group","og_image":[{"url":"https:\/\/www.zanasigroup.com\/wp-content\/uploads\/2019\/06\/zanasi-eco-robotic-painting-wide.jpg","type":"","width":"","height":""}],"twitter_card":"summary_large_image","schema":{"@context":"https:\/\/schema.org","@graph":[{"@type":"WebPage","@id":"https:\/\/www.zanasigroup.com\/it\/zanasi-eco-robotic-painting\/","url":"https:\/\/www.zanasigroup.com\/it\/zanasi-eco-robotic-painting\/","name":"Zanasi Eco Robotic Painting | Carrozzeria Zanasi - Zanasi Group","isPartOf":{"@id":"https:\/\/www.zanasigroup.com\/it\/#website"},"datePublished":"2019-02-28T18:05:45+00:00","description":"Il nostro ultimo investimento \u00e8 un impianto di verniciatura eco-robotica D\u00fcrr. Questo sistema di verniciatura robotizzato consente di risparmiare fino al 60% del normale consumo di energia.","breadcrumb":{"@id":"https:\/\/www.zanasigroup.com\/it\/zanasi-eco-robotic-painting\/#breadcrumb"},"inLanguage":"it-IT","potentialAction":[{"@type":"ReadAction","target":["https:\/\/www.zanasigroup.com\/it\/zanasi-eco-robotic-painting\/"]}]},{"@type":"BreadcrumbList","@id":"https:\/\/www.zanasigroup.com\/it\/zanasi-eco-robotic-painting\/#breadcrumb","itemListElement":[{"@type":"ListItem","position":1,"name":"Home","item":"https:\/\/www.zanasigroup.com\/it\/"},{"@type":"ListItem","position":2,"name":"Zanasi Eco Robotic Painting"}]},{"@type":"WebSite","@id":"https:\/\/www.zanasigroup.com\/it\/#website","url":"https:\/\/www.zanasigroup.com\/it\/","name":"Zanasi Group","description":"The real Ferrari repair specialist - Body repair - Custom painting - Top quality standards","potentialAction":[{"@type":"SearchAction","target":{"@type":"EntryPoint","urlTemplate":"https:\/\/www.zanasigroup.com\/it\/?s={search_term_string}"},"query-input":{"@type":"PropertyValueSpecification","valueRequired":true,"valueName":"search_term_string"}}],"inLanguage":"it-IT"}]}},"_links":{"self":[{"href":"https:\/\/www.zanasigroup.com\/it\/wp-json\/wp\/v2\/pages\/7207","targetHints":{"allow":["GET"]}}],"collection":[{"href":"https:\/\/www.zanasigroup.com\/it\/wp-json\/wp\/v2\/pages"}],"about":[{"href":"https:\/\/www.zanasigroup.com\/it\/wp-json\/wp\/v2\/types\/page"}],"author":[{"embeddable":true,"href":"https:\/\/www.zanasigroup.com\/it\/wp-json\/wp\/v2\/users\/1"}],"replies":[{"embeddable":true,"href":"https:\/\/www.zanasigroup.com\/it\/wp-json\/wp\/v2\/comments?post=7207"}],"version-history":[{"count":0,"href":"https:\/\/www.zanasigroup.com\/it\/wp-json\/wp\/v2\/pages\/7207\/revisions"}],"wp:attachment":[{"href":"https:\/\/www.zanasigroup.com\/it\/wp-json\/wp\/v2\/media?parent=7207"}],"curies":[{"name":"wp","href":"https:\/\/api.w.org\/{rel}","templated":true}]}}